{"id":9879,"date":"2022-02-11T18:51:25","date_gmt":"2022-02-11T18:51:25","guid":{"rendered":"https:\/\/idream.pt\/?post_type=product&#038;p=9879"},"modified":"2022-03-02T14:09:53","modified_gmt":"2022-03-02T14:09:53","slug":"canard-congele-entier","status":"publish","type":"product","link":"https:\/\/idream.pt\/fr\/produto\/canard-congele-entier\/","title":{"rendered":"Canard entier congel\u00e9 2 300 kg"},"content":{"rendered":"<p>Canard entier sans ofness, Navy Farm.<\/p>\n<p>Le processus de d\u00e9givrage doit \u00eatre effectu\u00e9 dans un environnement r\u00e9frig\u00e9r\u00e9.<\/p>\n<p>Une fois le processus de d\u00e9cong\u00e9lation commenc\u00e9, le produit ne doit pas \u00eatre congel\u00e9 \u00e0 nouveau.<\/p>\n","protected":false},"excerpt":{"rendered":"<p>Beignet sucr\u00e9 avec garniture au chocolat et p\u00e9pites de chocolat. Produit cuit au four et surgel\u00e9.<\/p>\n","protected":false},"featured_media":9887,"comment_status":"open","ping_status":"closed","template":"","meta":[],"product_brand":[],"product_cat":[600],"product_tag":[],"class_list":{"0":"post-9879","1":"product","2":"type-product","3":"status-publish","4":"has-post-thumbnail","6":"product_cat-canard","8":"first","9":"instock","10":"taxable","11":"shipping-taxable","12":"purchasable","13":"product-type-simple"},"_links":{"self":[{"href":"https:\/\/idream.pt\/fr\/wp-json\/wp\/v2\/product\/9879","targetHints":{"allow":["GET"]}}],"collection":[{"href":"https:\/\/idream.pt\/fr\/wp-json\/wp\/v2\/product"}],"about":[{"href":"https:\/\/idream.pt\/fr\/wp-json\/wp\/v2\/types\/product"}],"replies":[{"embeddable":true,"href":"https:\/\/idream.pt\/fr\/wp-json\/wp\/v2\/comments?post=9879"}],"wp:featuredmedia":[{"embeddable":true,"href":"https:\/\/idream.pt\/fr\/wp-json\/wp\/v2\/media\/9887"}],"wp:attachment":[{"href":"https:\/\/idream.pt\/fr\/wp-json\/wp\/v2\/media?parent=9879"}],"wp:term":[{"taxonomy":"product_brand","embeddable":true,"href":"https:\/\/idream.pt\/fr\/wp-json\/wp\/v2\/product_brand?post=9879"},{"taxonomy":"product_cat","embeddable":true,"href":"https:\/\/idream.pt\/fr\/wp-json\/wp\/v2\/product_cat?post=9879"},{"taxonomy":"product_tag","embeddable":true,"href":"https:\/\/idream.pt\/fr\/wp-json\/wp\/v2\/product_tag?post=9879"}],"curies":[{"name":"wp","href":"https:\/\/api.w.org\/{rel}","templated":true}]}}