{"id":9869,"date":"2021-11-16T11:08:46","date_gmt":"2021-11-16T11:08:46","guid":{"rendered":"https:\/\/idream.pt\/produto\/erable-pecan-95-gr\/"},"modified":"2022-02-28T15:41:02","modified_gmt":"2022-02-28T15:41:02","slug":"erable-noix-de-pecan-95-gr","status":"publish","type":"product","link":"https:\/\/idream.pt\/fr\/produto\/erable-noix-de-pecan-95-gr\/","title":{"rendered":"\u00c9rable P\u00e9can 95 gr."},"content":{"rendered":"<p>Tresse de p\u00e2tes danoise avec garniture au sirop d\u2019\u00e9rable et garniture aux noix de p\u00e9can. Produit ultra-congel\u00e9.<\/p>\n<p>Noix de p\u00e9can d\u2019\u00e9rable de 95 gr avec 60 unit\u00e9s par bo\u00eete. Produit pr\u00e9par\u00e9 en 20 minutes apr\u00e8s la d\u00e9cong\u00e9lation.<\/p>\n<p>Quantit\u00e9: Bo\u00eete 60 UN<\/p>\n<p><strong>Mode de pr\u00e9paration<\/strong><\/p>\n<table>\n<tbody>\n<tr>\n<td>Temps de d\u00e9givrage (min)<\/td>\n<td>20min<\/td>\n<\/tr>\n<tr>\n<td>Pr\u00e9chauffer le four (\u00baC)<\/td>\n<td>200\u00b0C<\/td>\n<\/tr>\n<tr>\n<td>Temp\u00e9rature de cuisson (\u00baC)<\/td>\n<td>200\u00b0C<\/td>\n<\/tr>\n<tr>\n<td>Temps de cuisson (min)<\/td>\n<td>20min<\/td>\n<\/tr>\n<\/tbody>\n<\/table>\n","protected":false},"excerpt":{"rendered":"<p>Tresse de p\u00e2tes danoise avec garniture au sirop d\u2019\u00e9rable et garniture aux noix de p\u00e9can. Produit ultra-congel\u00e9.<\/p>\n","protected":false},"featured_media":9669,"comment_status":"open","ping_status":"closed","template":"","meta":[],"product_brand":[],"product_cat":[486],"product_tag":[],"class_list":{"0":"post-9869","1":"product","2":"type-product","3":"status-publish","4":"has-post-thumbnail","6":"product_cat-patisserie-surgelee","8":"first","9":"instock","10":"taxable","11":"shipping-taxable","12":"purchasable","13":"product-type-simple"},"_links":{"self":[{"href":"https:\/\/idream.pt\/fr\/wp-json\/wp\/v2\/product\/9869","targetHints":{"allow":["GET"]}}],"collection":[{"href":"https:\/\/idream.pt\/fr\/wp-json\/wp\/v2\/product"}],"about":[{"href":"https:\/\/idream.pt\/fr\/wp-json\/wp\/v2\/types\/product"}],"replies":[{"embeddable":true,"href":"https:\/\/idream.pt\/fr\/wp-json\/wp\/v2\/comments?post=9869"}],"wp:featuredmedia":[{"embeddable":true,"href":"https:\/\/idream.pt\/fr\/wp-json\/wp\/v2\/media\/9669"}],"wp:attachment":[{"href":"https:\/\/idream.pt\/fr\/wp-json\/wp\/v2\/media?parent=9869"}],"wp:term":[{"taxonomy":"product_brand","embeddable":true,"href":"https:\/\/idream.pt\/fr\/wp-json\/wp\/v2\/product_brand?post=9869"},{"taxonomy":"product_cat","embeddable":true,"href":"https:\/\/idream.pt\/fr\/wp-json\/wp\/v2\/product_cat?post=9869"},{"taxonomy":"product_tag","embeddable":true,"href":"https:\/\/idream.pt\/fr\/wp-json\/wp\/v2\/product_tag?post=9869"}],"curies":[{"name":"wp","href":"https:\/\/api.w.org\/{rel}","templated":true}]}}