{"id":9866,"date":"2021-11-16T11:08:47","date_gmt":"2021-11-16T11:08:47","guid":{"rendered":"https:\/\/idream.pt\/produto\/doonys-glazy-52-gr\/"},"modified":"2022-02-28T15:41:04","modified_gmt":"2022-02-28T15:41:04","slug":"doonys-glazy-48-un-52-gr","status":"publish","type":"product","link":"https:\/\/idream.pt\/fr\/produto\/doonys-glazy-48-un-52-gr\/","title":{"rendered":"Doony\u2019s Glazy 52 gr."},"content":{"rendered":"<p>Beignet sucr\u00e9 avec garniture de sucre. Produit cuit au four et surgel\u00e9.<\/p>\n<p>Glazy Doony\u2019s 52 gr avec 48 unit\u00e9s par bo\u00eete. Produit pr\u00eat \u00e0 consommer apr\u00e8s 30 minutes de d\u00e9cong\u00e9lation.<\/p>\n<p>Quantit\u00e9: Case 48 UN<\/p>\n<p><strong>Mode de pr\u00e9paration<\/strong><\/p>\n<table>\n<tbody>\n<tr>\n<td>Temps de d\u00e9givrage (min)<\/td>\n<td>30min<\/td>\n<\/tr>\n<\/tbody>\n<\/table>\n","protected":false},"excerpt":{"rendered":"<p>Beignet sucr\u00e9 avec garniture de sucre. Produit cuit au four et surgel\u00e9.<\/p>\n","protected":false},"featured_media":9644,"comment_status":"open","ping_status":"closed","template":"","meta":[],"product_brand":[],"product_cat":[486],"product_tag":[],"class_list":{"0":"post-9866","1":"product","2":"type-product","3":"status-publish","4":"has-post-thumbnail","6":"product_cat-patisserie-surgelee","8":"first","9":"instock","10":"taxable","11":"shipping-taxable","12":"purchasable","13":"product-type-simple"},"_links":{"self":[{"href":"https:\/\/idream.pt\/fr\/wp-json\/wp\/v2\/product\/9866","targetHints":{"allow":["GET"]}}],"collection":[{"href":"https:\/\/idream.pt\/fr\/wp-json\/wp\/v2\/product"}],"about":[{"href":"https:\/\/idream.pt\/fr\/wp-json\/wp\/v2\/types\/product"}],"replies":[{"embeddable":true,"href":"https:\/\/idream.pt\/fr\/wp-json\/wp\/v2\/comments?post=9866"}],"wp:featuredmedia":[{"embeddable":true,"href":"https:\/\/idream.pt\/fr\/wp-json\/wp\/v2\/media\/9644"}],"wp:attachment":[{"href":"https:\/\/idream.pt\/fr\/wp-json\/wp\/v2\/media?parent=9866"}],"wp:term":[{"taxonomy":"product_brand","embeddable":true,"href":"https:\/\/idream.pt\/fr\/wp-json\/wp\/v2\/product_brand?post=9866"},{"taxonomy":"product_cat","embeddable":true,"href":"https:\/\/idream.pt\/fr\/wp-json\/wp\/v2\/product_cat?post=9866"},{"taxonomy":"product_tag","embeddable":true,"href":"https:\/\/idream.pt\/fr\/wp-json\/wp\/v2\/product_tag?post=9866"}],"curies":[{"name":"wp","href":"https:\/\/api.w.org\/{rel}","templated":true}]}}