{"id":9832,"date":"2022-02-10T11:44:51","date_gmt":"2022-02-10T11:44:51","guid":{"rendered":"https:\/\/idream.pt\/produto\/pastel-de-nata-classico-67-gr-cx-140-un\/"},"modified":"2022-02-10T11:44:51","modified_gmt":"2022-02-10T11:44:51","slug":"pastel-de-nata-classico-67-gr-cx-140-un-2","status":"publish","type":"product","link":"https:\/\/idream.pt\/fr\/produto\/pastel-de-nata-classico-67-gr-cx-140-un-2\/","title":{"rendered":"Pastel de Nata Classico 67 gr. Cx 140 un."},"content":{"rendered":"<p>P\u00e2te feuillet\u00e9e \u00e0 la cr\u00e8me d\u2019\u0153uf. Produit cru et surgel\u00e9.<\/p>\n<p>Pastel de Nata de 67 gr avec 140 unit\u00e9s par bo\u00eete. Produit pr\u00e9par\u00e9 en 15 minutes.<\/p>\n<p>Quantit\u00e9: Bo\u00eete 140 UN<\/p>\n<p><strong>Mode de pr\u00e9paration<\/strong><\/p>\n<table>\n<tbody>\n<tr>\n<td>Temp\u00e9rature de cuisson (\u00baC)<\/td>\n<td>250\u00b0C<\/td>\n<\/tr>\n<tr>\n<td>Temps de cuisson (min)<\/td>\n<td>15min<\/td>\n<\/tr>\n<\/tbody>\n<\/table>\n","protected":false},"excerpt":{"rendered":"<p>P\u00e2te feuillet\u00e9e \u00e0 la cr\u00e8me d\u2019\u0153uf. Produit cru et surgel\u00e9.<\/p>\n","protected":false},"featured_media":9775,"comment_status":"open","ping_status":"closed","template":"","meta":[],"product_brand":[],"product_cat":[486],"product_tag":[],"class_list":{"0":"post-9832","1":"product","2":"type-product","3":"status-publish","4":"has-post-thumbnail","6":"product_cat-patisserie-surgelee","8":"first","9":"instock","10":"taxable","11":"shipping-taxable","12":"purchasable","13":"product-type-simple"},"_links":{"self":[{"href":"https:\/\/idream.pt\/fr\/wp-json\/wp\/v2\/product\/9832","targetHints":{"allow":["GET"]}}],"collection":[{"href":"https:\/\/idream.pt\/fr\/wp-json\/wp\/v2\/product"}],"about":[{"href":"https:\/\/idream.pt\/fr\/wp-json\/wp\/v2\/types\/product"}],"replies":[{"embeddable":true,"href":"https:\/\/idream.pt\/fr\/wp-json\/wp\/v2\/comments?post=9832"}],"wp:featuredmedia":[{"embeddable":true,"href":"https:\/\/idream.pt\/fr\/wp-json\/wp\/v2\/media\/9775"}],"wp:attachment":[{"href":"https:\/\/idream.pt\/fr\/wp-json\/wp\/v2\/media?parent=9832"}],"wp:term":[{"taxonomy":"product_brand","embeddable":true,"href":"https:\/\/idream.pt\/fr\/wp-json\/wp\/v2\/product_brand?post=9832"},{"taxonomy":"product_cat","embeddable":true,"href":"https:\/\/idream.pt\/fr\/wp-json\/wp\/v2\/product_cat?post=9832"},{"taxonomy":"product_tag","embeddable":true,"href":"https:\/\/idream.pt\/fr\/wp-json\/wp\/v2\/product_tag?post=9832"}],"curies":[{"name":"wp","href":"https:\/\/api.w.org\/{rel}","templated":true}]}}