{"id":10596,"date":"2021-11-16T11:08:38","date_gmt":"2021-11-16T11:08:38","guid":{"rendered":"https:\/\/idream.pt\/produto\/pain-au-chorizo-rustique-120-gr\/"},"modified":"2021-11-16T11:08:38","modified_gmt":"2021-11-16T11:08:38","slug":"pao-c-chourico-rustico-120-gr-2","status":"publish","type":"product","link":"https:\/\/idream.pt\/fr\/produto\/pao-c-chourico-rustico-120-gr-2\/","title":{"rendered":"Pain au Chorizo Rustique 120 gr"},"content":{"rendered":"<p>Pain rustique fourr\u00e9 au chorizo. Produit pr\u00e9cuit et surgel\u00e9.<\/p>\n<p>Avec du pain rustique. Pain rustique au Chorizo de 120 gr avec 50 unit\u00e9s par bo\u00eete.<\/p>\n<p>Quantit\u00e9: Bo\u00eete 50 UN<\/p>\n<p><strong>Mode de pr\u00e9paration<\/strong><\/p>\n<table>\n<tbody>\n<tr>\n<td>Temps de d\u00e9givrage (min)<\/td>\n<td>20min<\/td>\n<\/tr>\n<tr>\n<td>Temp\u00e9rature de cuisson (\u00baC)<\/td>\n<td>200\u00b0C<\/td>\n<\/tr>\n<tr>\n<td>Temps de cuisson (min)<\/td>\n<td>10min<\/td>\n<\/tr>\n<\/tbody>\n<\/table>\n","protected":false},"excerpt":{"rendered":"<p>Pain rustique fourr\u00e9 au chorizo. Produit pr\u00e9cuit et surgel\u00e9.<\/p>\n","protected":false},"featured_media":9779,"comment_status":"open","ping_status":"closed","template":"","meta":[],"product_brand":[],"product_cat":[489],"product_tag":[],"class_list":{"0":"post-10596","1":"product","2":"type-product","3":"status-publish","4":"has-post-thumbnail","6":"product_cat-boulangerie-surgelee","8":"first","9":"instock","10":"taxable","11":"shipping-taxable","12":"purchasable","13":"product-type-simple"},"_links":{"self":[{"href":"https:\/\/idream.pt\/fr\/wp-json\/wp\/v2\/product\/10596","targetHints":{"allow":["GET"]}}],"collection":[{"href":"https:\/\/idream.pt\/fr\/wp-json\/wp\/v2\/product"}],"about":[{"href":"https:\/\/idream.pt\/fr\/wp-json\/wp\/v2\/types\/product"}],"replies":[{"embeddable":true,"href":"https:\/\/idream.pt\/fr\/wp-json\/wp\/v2\/comments?post=10596"}],"wp:featuredmedia":[{"embeddable":true,"href":"https:\/\/idream.pt\/fr\/wp-json\/wp\/v2\/media\/9779"}],"wp:attachment":[{"href":"https:\/\/idream.pt\/fr\/wp-json\/wp\/v2\/media?parent=10596"}],"wp:term":[{"taxonomy":"product_brand","embeddable":true,"href":"https:\/\/idream.pt\/fr\/wp-json\/wp\/v2\/product_brand?post=10596"},{"taxonomy":"product_cat","embeddable":true,"href":"https:\/\/idream.pt\/fr\/wp-json\/wp\/v2\/product_cat?post=10596"},{"taxonomy":"product_tag","embeddable":true,"href":"https:\/\/idream.pt\/fr\/wp-json\/wp\/v2\/product_tag?post=10596"}],"curies":[{"name":"wp","href":"https:\/\/api.w.org\/{rel}","templated":true}]}}