{"id":10558,"date":"2021-11-16T11:08:39","date_gmt":"2021-11-16T11:08:39","guid":{"rendered":"https:\/\/idream.pt\/produto\/croissant-aux-amandes-110-gr\/"},"modified":"2021-11-16T11:08:39","modified_gmt":"2021-11-16T11:08:39","slug":"croissant-amande-rond-110-gr","status":"publish","type":"product","link":"https:\/\/idream.pt\/fr\/produto\/croissant-amande-rond-110-gr\/","title":{"rendered":"Croissant aux amandes 110 gr."},"content":{"rendered":"<p>Croissant rond aux amandes de 110 gr avec 55 unit\u00e9s par bo\u00eete. Produit pr\u00e9par\u00e9 en 20 minutes apr\u00e8s la fermentation.<\/p>\n<p>Quantit\u00e9: Case 55 ONU<\/p>\n<p><strong>Mode de pr\u00e9paration<\/strong><\/p>\n<table>\n<tbody>\n<tr>\n<td>Temp\u00e9rature de fermentation (\u00baC)<\/td>\n<td>50\u00b0C<\/td>\n<\/tr>\n<tr>\n<td>Temps de fermentation (min)<\/td>\n<td>30min<\/td>\n<\/tr>\n<tr>\n<td>Humidit\u00e9 (%)<\/td>\n<td>90%<\/td>\n<\/tr>\n<tr>\n<td>Brossage \u00e0 l\u2019\u0153uf<\/td>\n<td>Oui<\/td>\n<\/tr>\n<tr>\n<td>Temp\u00e9rature de cuisson (\u00baC)<\/td>\n<td>180\u00b0C<\/td>\n<\/tr>\n<tr>\n<td>Temps de cuisson (min)<\/td>\n<td>20min<\/td>\n<\/tr>\n<\/tbody>\n<\/table>\n","protected":false},"excerpt":{"rendered":"<p>Croissant demi-feuillet\u00e9 avec garniture aux amandes. Produit ultra-congel\u00e9.<\/p>\n","protected":false},"featured_media":9414,"comment_status":"open","ping_status":"closed","template":"","meta":[],"product_brand":[],"product_cat":[486],"product_tag":[],"class_list":{"0":"post-10558","1":"product","2":"type-product","3":"status-publish","4":"has-post-thumbnail","6":"product_cat-patisserie-surgelee","8":"first","9":"instock","10":"taxable","11":"shipping-taxable","12":"purchasable","13":"product-type-simple"},"_links":{"self":[{"href":"https:\/\/idream.pt\/fr\/wp-json\/wp\/v2\/product\/10558","targetHints":{"allow":["GET"]}}],"collection":[{"href":"https:\/\/idream.pt\/fr\/wp-json\/wp\/v2\/product"}],"about":[{"href":"https:\/\/idream.pt\/fr\/wp-json\/wp\/v2\/types\/product"}],"replies":[{"embeddable":true,"href":"https:\/\/idream.pt\/fr\/wp-json\/wp\/v2\/comments?post=10558"}],"wp:featuredmedia":[{"embeddable":true,"href":"https:\/\/idream.pt\/fr\/wp-json\/wp\/v2\/media\/9414"}],"wp:attachment":[{"href":"https:\/\/idream.pt\/fr\/wp-json\/wp\/v2\/media?parent=10558"}],"wp:term":[{"taxonomy":"product_brand","embeddable":true,"href":"https:\/\/idream.pt\/fr\/wp-json\/wp\/v2\/product_brand?post=10558"},{"taxonomy":"product_cat","embeddable":true,"href":"https:\/\/idream.pt\/fr\/wp-json\/wp\/v2\/product_cat?post=10558"},{"taxonomy":"product_tag","embeddable":true,"href":"https:\/\/idream.pt\/fr\/wp-json\/wp\/v2\/product_tag?post=10558"}],"curies":[{"name":"wp","href":"https:\/\/api.w.org\/{rel}","templated":true}]}}