{"id":10531,"date":"2021-11-16T11:08:42","date_gmt":"2021-11-16T11:08:42","guid":{"rendered":"https:\/\/idream.pt\/produto\/pate-feuilletee-assiettes-550-gr\/"},"modified":"2021-11-16T11:08:42","modified_gmt":"2021-11-16T11:08:42","slug":"pate-feuilletee-550-gr","status":"publish","type":"product","link":"https:\/\/idream.pt\/fr\/produto\/pate-feuilletee-550-gr\/","title":{"rendered":"P\u00e2te feuillet\u00e9e &#8211; Assiettes 550 gr."},"content":{"rendered":"<p>P\u00e2te feuillet\u00e9e crue. Produit ultra-congel\u00e9.<\/p>\n<p>P\u00e2te feuillet\u00e9e id\u00e9ale pour la fabrication de vos produits. Donnez des ailes \u00e0 votre imagination et pr\u00e9parez vos plats pr\u00e9f\u00e9r\u00e9s \u00e0 l\u2019aide de cette p\u00e2te feuillet\u00e9e pr\u00eate \u00e0 l\u2019emploi. Id\u00e9al pour les plats sucr\u00e9s et sal\u00e9s. Pour les desserts, nous vous sugg\u00e9rons de faire des palmiers, un strudel aux pommes ou une d\u00e9licieuse tarte aux fraises. Pour les options sal\u00e9es, nous sugg\u00e9rons un rouleau de viande ou un filet envelopp\u00e9 de p\u00e2te feuillet\u00e9e, de tartes au poulet, de quiches ou d\u2019une tarte \u00e0 la morue. La partie difficile va \u00eatre de r\u00e9sister et de rester par une option. Passez des moments familiaux de d\u00e9couverte et d\u2019invention en cuisine.<\/p>\n<p>Quantit\u00e9: Bo\u00eete 20 ONU<\/p>\n<p><strong>Mode de pr\u00e9paration<\/strong><\/p>\n<table>\n<tbody>\n<tr>\n<td>Temps de d\u00e9givrage (min)<\/td>\n<td>30min<\/td>\n<\/tr>\n<tr>\n<td>Temp\u00e9rature de cuisson (\u00baC)<\/td>\n<td>200\u00b0C<\/td>\n<\/tr>\n<tr>\n<td>Temps de cuisson (min)<\/td>\n<td>20min<\/td>\n<\/tr>\n<\/tbody>\n<\/table>\n","protected":false},"excerpt":{"rendered":"<p>P\u00e2te feuillet\u00e9e crue. Produit ultra-congel\u00e9.<\/p>\n","protected":false},"featured_media":9726,"comment_status":"open","ping_status":"closed","template":"","meta":[],"product_brand":[],"product_cat":[486],"product_tag":[],"class_list":{"0":"post-10531","1":"product","2":"type-product","3":"status-publish","4":"has-post-thumbnail","6":"product_cat-patisserie-surgelee","8":"first","9":"instock","10":"taxable","11":"shipping-taxable","12":"purchasable","13":"product-type-simple"},"_links":{"self":[{"href":"https:\/\/idream.pt\/fr\/wp-json\/wp\/v2\/product\/10531","targetHints":{"allow":["GET"]}}],"collection":[{"href":"https:\/\/idream.pt\/fr\/wp-json\/wp\/v2\/product"}],"about":[{"href":"https:\/\/idream.pt\/fr\/wp-json\/wp\/v2\/types\/product"}],"replies":[{"embeddable":true,"href":"https:\/\/idream.pt\/fr\/wp-json\/wp\/v2\/comments?post=10531"}],"wp:featuredmedia":[{"embeddable":true,"href":"https:\/\/idream.pt\/fr\/wp-json\/wp\/v2\/media\/9726"}],"wp:attachment":[{"href":"https:\/\/idream.pt\/fr\/wp-json\/wp\/v2\/media?parent=10531"}],"wp:term":[{"taxonomy":"product_brand","embeddable":true,"href":"https:\/\/idream.pt\/fr\/wp-json\/wp\/v2\/product_brand?post=10531"},{"taxonomy":"product_cat","embeddable":true,"href":"https:\/\/idream.pt\/fr\/wp-json\/wp\/v2\/product_cat?post=10531"},{"taxonomy":"product_tag","embeddable":true,"href":"https:\/\/idream.pt\/fr\/wp-json\/wp\/v2\/product_tag?post=10531"}],"curies":[{"name":"wp","href":"https:\/\/api.w.org\/{rel}","templated":true}]}}