{"id":10506,"date":"2021-11-16T11:08:46","date_gmt":"2021-11-16T11:08:46","guid":{"rendered":"https:\/\/idream.pt\/produto\/muffin-triple-chocolat-110-gr\/"},"modified":"2021-11-16T11:08:46","modified_gmt":"2021-11-16T11:08:46","slug":"muffin-triple-chocolat-110-gr","status":"publish","type":"product","link":"https:\/\/idream.pt\/fr\/produto\/muffin-triple-chocolat-110-gr\/","title":{"rendered":"Muffin triple chocolat 110 gr."},"content":{"rendered":"<p>Muffin au chocolat au lait, noir et blanc. Produit cuit au four et surgel\u00e9.<\/p>\n<p>Triple Muffin au Chocolat de 110 gr avec 20 unit\u00e9s par bo\u00eete. Produit pr\u00eat \u00e0 consommer apr\u00e8s 30 minutes de d\u00e9cong\u00e9lation.<\/p>\n<p>Quantit\u00e9: Bo\u00eete 20 ONU<\/p>\n<p><strong>Mode de pr\u00e9paration<\/strong><\/p>\n<table>\n<tbody>\n<tr>\n<td>Temps de d\u00e9givrage (min)<\/td>\n<td>30min<\/td>\n<\/tr>\n<\/tbody>\n<\/table>\n","protected":false},"excerpt":{"rendered":"<p>Muffin au chocolat au lait, noir et blanc. Produit cuit au four et surgel\u00e9.<\/p>\n","protected":false},"featured_media":9610,"comment_status":"open","ping_status":"closed","template":"","meta":[],"product_brand":[],"product_cat":[486],"product_tag":[],"class_list":{"0":"post-10506","1":"product","2":"type-product","3":"status-publish","4":"has-post-thumbnail","6":"product_cat-patisserie-surgelee","8":"first","9":"instock","10":"taxable","11":"shipping-taxable","12":"purchasable","13":"product-type-simple"},"_links":{"self":[{"href":"https:\/\/idream.pt\/fr\/wp-json\/wp\/v2\/product\/10506","targetHints":{"allow":["GET"]}}],"collection":[{"href":"https:\/\/idream.pt\/fr\/wp-json\/wp\/v2\/product"}],"about":[{"href":"https:\/\/idream.pt\/fr\/wp-json\/wp\/v2\/types\/product"}],"replies":[{"embeddable":true,"href":"https:\/\/idream.pt\/fr\/wp-json\/wp\/v2\/comments?post=10506"}],"wp:featuredmedia":[{"embeddable":true,"href":"https:\/\/idream.pt\/fr\/wp-json\/wp\/v2\/media\/9610"}],"wp:attachment":[{"href":"https:\/\/idream.pt\/fr\/wp-json\/wp\/v2\/media?parent=10506"}],"wp:term":[{"taxonomy":"product_brand","embeddable":true,"href":"https:\/\/idream.pt\/fr\/wp-json\/wp\/v2\/product_brand?post=10506"},{"taxonomy":"product_cat","embeddable":true,"href":"https:\/\/idream.pt\/fr\/wp-json\/wp\/v2\/product_cat?post=10506"},{"taxonomy":"product_tag","embeddable":true,"href":"https:\/\/idream.pt\/fr\/wp-json\/wp\/v2\/product_tag?post=10506"}],"curies":[{"name":"wp","href":"https:\/\/api.w.org\/{rel}","templated":true}]}}