{"id":11614,"date":"2021-12-09T09:35:00","date_gmt":"2021-12-09T09:35:00","guid":{"rendered":"https:\/\/idream.pt\/politique-en-matiere-de-cookies\/"},"modified":"2022-03-03T14:26:18","modified_gmt":"2022-03-03T14:26:18","slug":"politique-en-matiere-de-cookies","status":"publish","type":"page","link":"https:\/\/idream.pt\/fr\/politique-en-matiere-de-cookies\/","title":{"rendered":"Politique en mati\u00e8re de cookies"},"content":{"rendered":"<div class=\"wpb-content-wrapper\"><p>[vc_row][vc_column]\n\t\t<div id=\"wd-61b1cdf23c657\" class=\"title-wrapper wd-wpb wd-set-mb reset-last-child  wd-rs-61b1cdf23c657 wd-title-color-default wd-title-style-default text-left  wd-underline-colored\">\n\t\t\t\n\t\t\t<div class=\"liner-continer\">\n\t\t\t\t<h1 class=\"woodmart-title-container title  wd-font-weight- wd-fontsize-xxl\" >Politique en mati\u00e8re de cookies<\/h1>\n\t\t\t\t\t\t\t<\/div>\n\t\t\t\n\t\t\t\n\t\t\t\n\t\t<\/div>\n\t\t\n\t\t[vc_column_text woodmart_inline=\u00a0\u00bbno\u00a0\u00bb text_larger=\u00a0\u00bbno\u00a0\u00bb]<\/p>\n<h3>\u00c0 propos de cette politique en mati\u00e8re de cookies<\/h3>\n<p>Cette politique de cookies explique ce que sont les cookies et comment nous les utilisons, les types de cookies que nous utilisons, c\u2019est-\u00e0-dire les informations que nous recueillons \u00e0 l\u2019aide de cookies et comment ces informations sont utilis\u00e9es et comment vous pouvez contr\u00f4ler les pr\u00e9f\u00e9rences en mati\u00e8re de cookies.<\/p>\n<p>Pour plus d\u2019informations sur la fa\u00e7on dont nous utilisons, stockons et conservons vos donn\u00e9es personnelles, vous pouvez consulter notre <a href=\"https:\/\/idream.pt\/fr\/politique-de-confidentialite\/\" target=\"_blank\" rel=\"noopener\">Politique de confidentialit\u00e9<\/a>.<\/p>\n<p>Vous pouvez \u00e0 tout moment modifier ou retirer votre consentement \u00e0 l\u2019utilisation de cookies sur notre site Web.<\/p>\n<p>En savoir plus sur qui nous sommes, comment vous pouvez nous contacter et comment nous traitons vos donn\u00e9es personnelles dans <a href=\"https:\/\/idream.pt\/fr\/politique-de-confidentialite\/\" target=\"_blank\" rel=\"noopener\">notre Politique de confidentialit\u00e9<\/a>.<\/p>\n<p>Votre consentement s\u2019applique au domaine suivant : <strong>www.idream.pt<\/strong><\/p>\n<div class=\"cli_user_consent_state\">Votre \u00e9tat actuel\u00a0: Aucun consentement donn\u00e9. <a class=\"cli_manage_current_consent\" style=\"cursor:pointer;text-decoration:underline;\">G\u00e9rez votre consentement.<\/a> <\/div>\n<h3>Qu\u2019est-ce qu\u2019un cookie ?<\/h3>\n<p>Les cookies sont des fichiers ou des fichiers texte qui contiennent de petites quantit\u00e9s d\u2019informations qui sont t\u00e9l\u00e9charg\u00e9es et stock\u00e9es sur votre appareil via votre navigateur lorsque vous visitez une page Web.<\/p>\n<p>Les cookies peuvent \u00eatre class\u00e9s en fonction de l\u2019objectif qu\u2019ils servent. Il existe des cookies qui sont strictement n\u00e9cessaires au fonctionnement du site, tandis que d\u2019autres collectent des informations statistiques afin d\u2019analyser l\u2019utilisation du site et ses performances ou sont utilis\u00e9s pour assurer la disponibilit\u00e9 de fonctionnalit\u00e9s suppl\u00e9mentaires sur le site ou pour enregistrer les pr\u00e9f\u00e9rences du visiteur concernant la navigation sur le site, chaque fois que vous utilisez le m\u00eame appareil. D\u2019autres cookies peuvent \u00e9galement servir \u00e0 mesurer le succ\u00e8s des applications et l\u2019efficacit\u00e9 de la publicit\u00e9 de tiers.<\/p>\n<p>Les cookies sont essentiels au fonctionnement d\u2019Internet ; n\u2019endommagent pas votre appareil ou votre appareil et, s\u2019ils sont activ\u00e9s dans la configuration de votre navigateur, aident \u00e0 identifier et \u00e0 r\u00e9soudre les erreurs possibles dans le fonctionnement du site.<\/p>\n<h3>Pourquoi utiliser des cookies ?<\/h3>\n<p>L\u2019objectif principal est de simplifier la navigation et de permettre \u00e0 l\u2019utilisateur une meilleure utilisation du site. \u00c0 cette fin, l\u2019utilisateur est reconnu chaque fois qu\u2019il acc\u00e8de au site, \u00e9liminant ainsi le besoin de saisir \u00e0 plusieurs reprises les m\u00eames informations et permettant ainsi une navigation plus rapide, efficace et de meilleure qualit\u00e9. Les informations collect\u00e9es par les cookies permettent \u00e9galement \u00e0 iDream d\u2019am\u00e9liorer votre site web.<\/p>\n<p><strong>Nos cookies ont diff\u00e9rentes fonctions :<\/strong><\/p>\n<ul>\n<li><strong>Cookies n\u00e9cessaires (essentiels):<\/strong> certains cookies sont essentiels pour acc\u00e9der \u00e0 des zones sp\u00e9cifiques de notre site Web. Ils vous permettent de naviguer sur le site et d\u2019utiliser vos applications, telles que l\u2019acc\u00e8s aux zones s\u00e9curis\u00e9es du site via la connexion. Sans ces cookies, les services qui en ont besoin ne peuvent pas \u00eatre fournis.<\/li>\n<li><strong>Cookies analytiques<\/strong>: Nous utilisons ces cookies pour analyser la fa\u00e7on dont les utilisateurs utilisent le site Web et surveiller ses performances. Cela nous permet de fournir une exp\u00e9rience de haute qualit\u00e9 en personnalisant notre offre et en identifiant et en r\u00e9solvant rapidement les probl\u00e8mes qui surviennent. Par exemple, nous utilisons des cookies de performance pour savoir quelles pages sont les plus populaires, quelle m\u00e9thode de lien de page est la plus efficace ou pour d\u00e9terminer pourquoi certaines pages re\u00e7oivent des messages d\u2019erreur. Sur la base de l\u2019utilisation du site Web, nous pouvons \u00e9galement utiliser ces cookies pour mettre en \u00e9vidence des articles ou des services du site Web qui, selon nous, pourraient int\u00e9resser les utilisateurs. Ces cookies ne sont utilis\u00e9s qu\u2019\u00e0 des fins de cr\u00e9ation et d\u2019analyse statistiques, sans jamais collecter d\u2019informations personnelles.<\/li>\n<li><strong>Cookies fonctionnels : Nous utilisons<\/strong> des cookies de fonctionnalit\u00e9 pour nous permettre de m\u00e9moriser vos pr\u00e9f\u00e9rences. Par exemple, les cookies m\u00e9morisent la langue s\u00e9lectionn\u00e9e, \u00e9vitant ainsi d\u2019avoir \u00e0 choisir la langue chaque fois que vous ouvrez une page ou acc\u00e9dez au site.<\/li>\n<\/ul>\n<h3><strong>Utilisation de cookies par iDream<\/strong><\/h3>\n<p>A tabela abaixo explica de que forma utilizamos cookies no nosso website.<\/p><table class=\"cookielawinfo-row-cat-table cookielawinfo-classic\"><thead><tr><th class=\"cookielawinfo-column-1\">Cookie<\/th><th class=\"cookielawinfo-column-4\">Description<\/th><\/tr><\/thead><tbody><tr class=\"cookielawinfo-row\"><td class=\"cookielawinfo-column-1\">cookielawinfo-checkbox-analytics<\/td><td class=\"cookielawinfo-column-4\">Ce cookie est d\u00e9fini par le plugin GDPR Cookie Consent. Le cookie est utilis\u00e9 pour stocker le consentement de l\u2019utilisateur pour les cookies dans la cat\u00e9gorie \u00ab&nbsp;Analytics&nbsp;\u00bb.<\/td><\/tr><tr class=\"cookielawinfo-row\"><td class=\"cookielawinfo-column-1\">cookielawinfo-checkbox-autres<\/td><td class=\"cookielawinfo-column-4\">Ce cookie est d\u00e9fini par le plugin GDPR Cookie Consent. Le cookie est utilis\u00e9 pour stocker le consentement de l\u2019utilisateur pour les cookies dans la cat\u00e9gorie \u00ab&nbsp;Autre.<\/td><\/tr><tr class=\"cookielawinfo-row\"><td class=\"cookielawinfo-column-1\">cookielawinfo-checkbox-functional<\/td><td class=\"cookielawinfo-column-4\">Le cookie est d\u00e9fini par le consentement aux cookies RGPD pour enregistrer le consentement de l\u2019utilisateur pour les cookies dans la cat\u00e9gorie \u00ab&nbsp;Fonctionnel&nbsp;\u00bb.<\/td><\/tr><tr class=\"cookielawinfo-row\"><td class=\"cookielawinfo-column-1\">cookielawinfo-checkbox-n\u00e9cessaire<\/td><td class=\"cookielawinfo-column-4\">Ce cookie est d\u00e9fini par le plugin GDPR Cookie Consent. Les cookies sont utilis\u00e9s pour stocker le consentement de l\u2019utilisateur pour les cookies dans la cat\u00e9gorie \u00ab&nbsp;N\u00e9cessaire&nbsp;\u00bb.<\/td><\/tr><tr class=\"cookielawinfo-row\"><td class=\"cookielawinfo-column-1\">cookielawinfo-checkbox-performance<\/td><td class=\"cookielawinfo-column-4\">Ce cookie est d\u00e9fini par le plugin GDPR Cookie Consent. Le cookie est utilis\u00e9 pour stocker le consentement de l\u2019utilisateur pour les cookies dans la cat\u00e9gorie \u00ab&nbsp;Performance&nbsp;\u00bb.<\/td><\/tr><tr class=\"cookielawinfo-row\"><td class=\"cookielawinfo-column-1\">viewed_cookie_policy<\/td><td class=\"cookielawinfo-column-4\">Le cookie est d\u00e9fini par le plugin GDPR Cookie Consent et est utilis\u00e9 pour stocker si l\u2019utilisateur a consenti ou non \u00e0 l\u2019utilisation de cookies. Il ne stocke aucune donn\u00e9e personnelle.<\/td><\/tr><tr class=\"cookielawinfo-row\"><td class=\"cookielawinfo-column-1\">woodmart_wishlist_count<\/td><td class=\"cookielawinfo-column-4\">Aucune description<\/td><\/tr><\/tbody><\/table>\n<h3><strong>Est-il possible de d\u00e9sactiver l\u2019utilisation des cookies ?<\/strong><\/h3>\n<p>Oui, les cookies peuvent \u00eatre d\u00e9sactiv\u00e9s dans votre navigateur. Cependant, vous pouvez contr\u00f4ler et g\u00e9rer les cookies existants via votre navigateur (voir ci-dessous). Veuillez noter que la suppression ou le blocage des cookies peut avoir un impact sur votre exp\u00e9rience utilisateur ainsi que sur certaines fonctionnalit\u00e9s qui peuvent ne plus \u00eatre disponibles.<\/p>\n<h3><strong>Utilisez votre navigateur pour contr\u00f4ler les cookies<\/strong><\/h3>\n<p>La plupart des navigateurs vous permettent d\u2019afficher, de contr\u00f4ler, de supprimer et de bloquer les cookies sur un site Web. Cependant, veuillez noter que si vous supprimez tous les cookies existants, toutes les pr\u00e9f\u00e9rences que vous avez d\u00e9finies seront perdues, y compris la possibilit\u00e9 de supprimer les futurs cookies, car il s\u2019agit d\u2019une fonction qui n\u00e9cessite elle-m\u00eame un cookie \u00e0 cette fin sur votre appareil. Pour obtenir des conseils sur la fa\u00e7on de contr\u00f4ler les cookies pour les navigateurs standard, veuillez consulter le lien ci-dessous.<\/p>\n<ul>\n<li><a href=\"https:\/\/support.google.com\/chrome\/answer\/95647?co=GENIE.Platform%3DDesktop&amp;hl=en\" target=\"_blank\" rel=\"nofollow noopener\">Google Chrome<\/a><\/li>\n<li><a href=\"https:\/\/support.mozilla.org\/en-US\/kb\/enable-and-disable-cookies-website-preferences\" target=\"_blank\" rel=\"noopener\">Mozilla Firefox<\/a><\/li>\n<li><a href=\"https:\/\/support.apple.com\/en-us\/HT201265\" target=\"_blank\" rel=\"nofollow noopener\">MacOS Safari<\/a><\/li>\n<li><a href=\"https:\/\/support.microsoft.com\/en-us\/help\/17442\/windows-internet-explorer-delete-manage-cookies\" target=\"_blank\" rel=\"nofollow noopener\">Microsoft Internet Explorer  <\/a><\/li>\n<\/ul>\n<p>Pour plus d\u2019informations sur les autres navigateurs et types d\u2019appareils, veuillez consulter <a href=\"http:\/\/www.aboutcookies.org\/\" target=\"_blank\" rel=\"nofollow noopener\">http:\/\/www.aboutcookies.org\/<\/a> ou <a href=\"http:\/\/www.cookiecentral.com\/faq\/\" target=\"_blank\" rel=\"nofollow noopener\">http:\/\/www.cookiecentral.com\/faq\/<\/a>.<\/p>\n<h3>G\u00e9rer les cookies analytiques<\/h3>\n<p>Votre navigateur enregistre l\u2019historique de vos visites par d\u00e9faut qui sont anonymis\u00e9es. Vous pouvez choisir de ne pas avoir l\u2019historique de votre navigateur anonymis\u00e9 pour nos sites Web ou applications pour lesquels des cookies analytiques existent. Nous sommes en relation avec les fournisseurs suivants de ce type de service, \u00e0 propos desquels vous pouvez en savoir plus sur leurs politiques de confidentialit\u00e9 et comment vous pouvez choisir de ne pas \u00eatre soumis \u00e0 leurs cookies analytiques via le lien suivant:<\/p>\n<ul>\n<li><a href=\"http:\/\/www.adobe.com\/privacy\/opt-out.html\" target=\"_blank\" rel=\"nofollow noopener\">Google Analytique<\/a><\/li>\n<\/ul>\n<h3>Pour en savoir plus<\/h3>\n<p>Si vous d\u00e9cidez de modifier vos pr\u00e9f\u00e9rences au cours de votre session de navigation, vous pouvez cliquer sur le lien \u00ab G\u00e9rer votre consentement \u00bb au d\u00e9but de cette page. Cela affichera \u00e0 nouveau l\u2019avis de consentement, vous permettant de modifier vos pr\u00e9f\u00e9rences ou de retirer enti\u00e8rement votre consentement.[\/vc_column_text][\/vc_column][\/vc_row]<\/p>\n<\/div>","protected":false},"excerpt":{"rendered":"<p>[vc_row][vc_column][vc_column_text woodmart_inline=\u00a0\u00bbno\u00a0\u00bb text_larger=\u00a0\u00bbno\u00a0\u00bb] \u00c0 propos de cette politique en mati\u00e8re de cookies Cette politique de cookies explique ce que sont<\/p>\n","protected":false},"author":2,"featured_media":0,"parent":0,"menu_order":0,"comment_status":"closed","ping_status":"closed","template":"","meta":{"footnotes":""},"class_list":["post-11614","page","type-page","status-publish","hentry"],"_links":{"self":[{"href":"https:\/\/idream.pt\/fr\/wp-json\/wp\/v2\/pages\/11614","targetHints":{"allow":["GET"]}}],"collection":[{"href":"https:\/\/idream.pt\/fr\/wp-json\/wp\/v2\/pages"}],"about":[{"href":"https:\/\/idream.pt\/fr\/wp-json\/wp\/v2\/types\/page"}],"author":[{"embeddable":true,"href":"https:\/\/idream.pt\/fr\/wp-json\/wp\/v2\/users\/2"}],"replies":[{"embeddable":true,"href":"https:\/\/idream.pt\/fr\/wp-json\/wp\/v2\/comments?post=11614"}],"version-history":[{"count":2,"href":"https:\/\/idream.pt\/fr\/wp-json\/wp\/v2\/pages\/11614\/revisions"}],"predecessor-version":[{"id":11616,"href":"https:\/\/idream.pt\/fr\/wp-json\/wp\/v2\/pages\/11614\/revisions\/11616"}],"wp:attachment":[{"href":"https:\/\/idream.pt\/fr\/wp-json\/wp\/v2\/media?parent=11614"}],"curies":[{"name":"wp","href":"https:\/\/api.w.org\/{rel}","templated":true}]}}