{"id":10476,"date":"2021-11-11T09:13:24","date_gmt":"2021-11-11T09:13:24","guid":{"rendered":"https:\/\/idream.pt\/politique-de-confidentialite\/"},"modified":"2022-02-28T15:20:19","modified_gmt":"2022-02-28T15:20:19","slug":"politique-de-confidentialite","status":"publish","type":"page","link":"https:\/\/idream.pt\/fr\/politique-de-confidentialite\/","title":{"rendered":"Politique de confidentialit\u00e9"},"content":{"rendered":"<div class=\"wpb-content-wrapper\"><p>[vc_row][vc_column]\n\t\t<div id=\"wd-61b1d347a0c71\" class=\"title-wrapper wd-wpb wd-set-mb reset-last-child  wd-rs-61b1d347a0c71 wd-title-color-default wd-title-style-default text-left  wd-underline-colored\">\n\t\t\t\n\t\t\t<div class=\"liner-continer\">\n\t\t\t\t<h1 class=\"woodmart-title-container title  wd-font-weight- wd-fontsize-xxl\" >Politique des services et conditions g\u00e9n\u00e9rales<\/h1>\n\t\t\t\t\t\t\t<\/div>\n\t\t\t\n\t\t\t\n\t\t\t\n\t\t<\/div>\n\t\t\n\t\t[vc_column_text woodmart_inline=\u00a0\u00bbno\u00a0\u00bb text_larger=\u00a0\u00bbno\u00a0\u00bb]<\/p>\n<h3>Champ d\u2019application g\u00e9n\u00e9ral<\/h3>\n<p>iDream s\u2019engage \u00e0 prot\u00e9ger et \u00e0 assurer la s\u00e9curit\u00e9 des informations et de la vie priv\u00e9e de ses clients. La pr\u00e9sente Politique de confidentialit\u00e9 a pour objet de faire conna\u00eetre les r\u00e8gles g\u00e9n\u00e9rales de confidentialit\u00e9 et les conditions de traitement des donn\u00e9es que nous collectons, dans le strict respect et le respect de la l\u00e9gislation applicable dans ce domaine, y compris le R\u00e8glement (UE) 2016\/679 du Parlement europ\u00e9en et du Conseil du 27 avril 2016 (\u00ab R\u00e8glement g\u00e9n\u00e9ral sur la protection des donn\u00e9es \u00bb ou \u00ab RGPD \u00bb).<\/p>\n<h3>Responsable du traitement des donn\u00e9es personnelles<\/h3>\n<p><strong>iDream Unipersonal Lda.<\/strong><\/p>\n<p><strong>T\u00e9l\u00e9phone<\/strong>: +351 289 401 030<br \/>\n<strong>Courriel<\/strong> : geral@idream.pt<br \/>\n<strong>Modara:<\/strong> Rua Assis Esperan\u00e7a N\u00ba5, 8100-543 Loul\u00e9<br \/>\n<strong>NPI :<\/strong> 510 232 493<br \/>\n<strong>Site Web : <\/strong>https:\/\/www.idream.pt\/<\/p>\n<h3>1. Collecte et traitement des donn\u00e9es personnelles<\/h3>\n<p>Cette politique de confidentialit\u00e9 s\u2019applique \u00e0 toutes les informations personnelles collect\u00e9es et stock\u00e9es par iDream sur papier et \/ ou num\u00e9riques.<\/p>\n<p>Les donn\u00e9es personnelles fournies volontairement par son Propri\u00e9taire, et dont le traitement est une obligation contractuelle et\/ou l\u00e9gale d\u2019iDream, sont trait\u00e9es de mani\u00e8re confidentielle, par des employ\u00e9s ou des sous-traitants d\u00fbment autoris\u00e9s \u00e0 cet effet, et ils doivent suivre les instructions sp\u00e9cifiques d\u2019iDream.<\/p>\n<p>Vos donn\u00e9es peuvent \u00eatre collect\u00e9es directement ou par t\u00e9l\u00e9phone, lorsque vous faites une demande d\u2019information ou de service, par l\u2019ouverture d\u2019un formulaire Client, avec la cr\u00e9ation d\u2019un num\u00e9ro de processus qui identifie le formulaire, lorsque vous visitez ou utilisez l\u2019un des formulaires de contact disponibles sur notre site Web, pour des demandes d\u2019informations ou des demandes de budget et de services.<\/p>\n<p><strong>Les renseignements personnels que nous recueillons sont les suivants :<\/strong><\/p>\n<ul>\n<li>Nom complet;<\/li>\n<li>Adresse courriel<\/li>\n<li>Num\u00e9ro de t\u00e9l\u00e9phone;<\/li>\n<li>Adresse;<\/li>\n<li>Num\u00e9ro de contribuable;<\/li>\n<li>D\u00e9tails de la carte de cr\u00e9dit &#8211; nom du titulaire de la carte, num\u00e9ro de carte, validit\u00e9 et code de s\u00e9curit\u00e9 &#8211; lorsque vous payez par carte de cr\u00e9dit;<\/li>\n<li>Autres informations suppl\u00e9mentaires, non class\u00e9es comme personnelles.<\/li>\n<\/ul>\n<p>Dans la navigation sur le site Web, chaque fois qu\u2019il est n\u00e9cessaire d\u2019identifier et de collecter des donn\u00e9es personnelles, l\u2019utilisateur devra autoriser leur collecte par le biais de m\u00e9canismes d\u2019autorisation qui peuvent varier selon les cas, mais qui seront clairs dans leur objectif et intuitif quant \u00e0 l\u2019utilisation. Par exemple, dans un formulaire de contact, il y aura une case o\u00f9 l\u2019utilisateur doit cliquer pour indiquer qu\u2019il autorise la collecte et le traitement des donn\u00e9es personnelles saisies dans le formulaire et le contact ult\u00e9rieur par iDream. Vous devez toutefois pr\u00e9ciser que sans autorisation du traitement des donn\u00e9es, vous ne pourrez pas envoyer votre message et contacter iDream via le site Web.<\/p>\n<p>Le traitement des donn\u00e9es personnelles une fois autoris\u00e9 sera effectu\u00e9 conform\u00e9ment \u00e0 la pr\u00e9sente politique de confidentialit\u00e9, et votre autorisation doit supposer qu\u2019elle a \u00e9t\u00e9 lue et comprise, ainsi que les conditions d\u2019utilisation du site Web.<\/p>\n<h3>2. Finalit\u00e9s et cat\u00e9gories de collecte des donn\u00e9es<\/h3>\n<p>Plaidoyers (article 6, paragraphe 1, points b), c), d) et f) du RGPD): Le traitement est n\u00e9cessaire \u00e0 l\u2019ex\u00e9cution du service auquel la personne concern\u00e9e est partie ou \u00e0 la diligence raisonnable pr\u00e9contractuelle \u00e0 la demande de la personne concern\u00e9e; le respect des obligations l\u00e9gales auxquelles iDream est soumis ; pour la d\u00e9fense des int\u00e9r\u00eats vitaux de la personne concern\u00e9e ; les int\u00e9r\u00eats l\u00e9gitimes poursuivis par iDream.<\/p>\n<p>En ce qui concerne le traitement des donn\u00e9es effectu\u00e9 par iDream dans le cadre du respect des obligations l\u00e9gales, la base de la lic\u00e9it\u00e9 pour l\u2019ex\u00e9cution d\u2019un tel traitement \u2013 principalement des communications de donn\u00e9es \u00e0 des entit\u00e9s externes \u2013 sera la n\u00e9cessit\u00e9 d\u2019un traitement aux fins du respect de ces obligations l\u00e9gales par le responsable du traitement.<\/p>\n<p>Ainsi, nous collectons vos donn\u00e9es pour :<\/p>\n<ul>\n<li><strong>Traitement des commandes<\/strong><\/li>\n<li><strong>Gestion de la facturation : pour<\/strong> l\u2019\u00e9mission de factures pour l\u2019acquisition de biens et services<\/li>\n<li><strong>Livraisons \u00e0 domicile : pour que nous puissions<\/strong> livrer vos achats \u00e0 domicile<\/li>\n<li><strong>Service client:<\/strong> Nous utilisons vos donn\u00e9es personnelles pour fournir un support client<\/li>\n<li><strong>Avis des clients:<\/strong> Nous pouvons utiliser vos coordonn\u00e9es pour vous inviter par e-mail \u00e0 \u00e9crire un commentaire apr\u00e8s votre commande. Ce faisant, vous pouvez aider d\u2019autres clients \u00e0 choisir le produit le plus appropri\u00e9<\/li>\n<li><strong>Activit\u00e9s de marketing<\/strong> : Nous utilisons \u00e9galement vos donn\u00e9es pour des activit\u00e9s li\u00e9es au marketing, dans la mesure permise par la loi. Lorsque nous utilisons vos donn\u00e9es personnelles \u00e0 des fins de marketing direct, telles que des bulletins d\u2019information professionnels et des communications marketing sur de nouveaux produits et services ou d\u2019autres offres qui, selon nous, pourraient vous int\u00e9resser, nous incluons un lien que vous pouvez utiliser si vous ne souhaitez pas que nous envoyions des messages \u00e0 l\u2019avenir.<\/li>\n<li><strong>Autres communications :<\/strong> Il peut y avoir d\u2019autres moments o\u00f9 nous vous contactons par e-mail, courrier, t\u00e9l\u00e9phone ou SMS, en fonction des coordonn\u00e9es que vous partagez avec nous<\/li>\n<li><strong>Champ d\u2019application juridique :<\/strong>  Dans certains cas, nous devons utiliser les informations fournies, qui peuvent inclure des donn\u00e9es personnelles, pour traiter et r\u00e9soudre des litiges ou des plaintes juridiques, pour des enqu\u00eates judiciaires, ou pour ex\u00e9cuter des accords ou pour nous conformer aux demandes l\u00e9gales des autorit\u00e9s comp\u00e9tentes (par exemple, les communications au SEF), dans la mesure requise par la loi.<\/li>\n<\/ul>\n<p>Si nous utilisons des moyens automatis\u00e9s pour traiter des donn\u00e9es personnelles qui produisent des effets juridiques ou qui vous affectent de mani\u00e8re significative, nous mettrons en \u0153uvre des mesures appropri\u00e9es pour prot\u00e9ger vos droits et libert\u00e9s, y compris le droit d\u2019obtenir une intervention humaine.<\/p>\n<h3>3. Communication des donn\u00e9es<\/h3>\n<p>iDream mettra en \u0153uvre les mesures n\u00e9cessaires et appropri\u00e9es \u00e0 la lumi\u00e8re de la loi applicable pour assurer la protection des donn\u00e9es personnelles faisant l\u2019objet de la communication, en respectant strictement les dispositions l\u00e9gales concernant les exigences applicables \u00e0 ces communications, en particulier l\u2019information des Clients.<\/p>\n<p>Lorsque iDream communique des donn\u00e9es personnelles \u00e0 des tiers, elle d\u00e9finira des r\u00e8gles claires pour la contractualisation du traitement des donn\u00e9es personnelles avec ses sous-traitants et leur demandera de prendre les mesures techniques et organisationnelles appropri\u00e9es pour prot\u00e9ger vos donn\u00e9es personnelles.<\/p>\n<p>Les donn\u00e9es peuvent \u00eatre fournies aux autorit\u00e9s judiciaires ou administratives, \u00e0 condition que dans le respect des obligations l\u00e9gales, ainsi que communiqu\u00e9es \u00e0 des organismes publics et priv\u00e9s li\u00e9s \u00e0 l\u2019activit\u00e9 d\u2019iDream. Les donn\u00e9es, en fonction de la finalit\u00e9 pour laquelle elles ont \u00e9t\u00e9 collect\u00e9es, peuvent \u00eatre fournies aux cat\u00e9gories de destinataires suivantes :<\/p>\n<ul>\n<li>Entit\u00e9s publiques;<\/li>\n<li>Prestataires de services sous-trait\u00e9s;<\/li>\n<li>Autres entit\u00e9s sous-trait\u00e9es par iDream dont l\u2019objet social est essentiel \u00e0 la poursuite de la finalit\u00e9 pour laquelle les donn\u00e9es ont \u00e9t\u00e9 collect\u00e9es.<\/li>\n<\/ul>\n<h3>4. Transfert de donn\u00e9es vers des pays tiers<\/h3>\n<p>Les informations collect\u00e9es en principe ne seront pas transf\u00e9r\u00e9es vers des pays tiers. En cas de transfert de donn\u00e9es vers des pays en dehors de l\u2019UE, la priorit\u00e9 sera accord\u00e9e aux pays qui font l\u2019objet d\u2019une d\u00e9cision d\u2019ad\u00e9quation de l\u2019UE en vertu de l\u2019article 45 du RGPD.<\/p>\n<p>iDream prendra les mesures n\u00e9cessaires pour assurer la confidentialit\u00e9 et la s\u00e9curit\u00e9 de vos donn\u00e9es personnelles conform\u00e9ment \u00e0 l\u2019article 46 du RGPD et pour les utiliser uniquement aux fins pour lesquelles elles ont \u00e9t\u00e9 collect\u00e9es.<\/p>\n<h3>5. Conservation des donn\u00e9es personnelles<\/h3>\n<p>Vos Donn\u00e9es Personnelles sont conserv\u00e9es par iDream, tant que les relations existantes entre cette Entit\u00e9 et les Titulaires respectifs sont maintenues, ou pendant la p\u00e9riode l\u00e9gale de conservation ou pour maintenir la finalit\u00e9 pour laquelle elles ont \u00e9t\u00e9 collect\u00e9es, afin de permettre l\u2019identification des Titulaires jusqu\u2019\u00e0 ce qu\u2019ils aient d\u00e9finitivement cess\u00e9 ces relations ou obligations.<\/p>\n<p>Les donn\u00e9es collect\u00e9es seront d\u00e9truites \u00e0 la fin de leur p\u00e9riode de conservation l\u00e9gale. La dur\u00e9e pendant laquelle les donn\u00e9es sont stock\u00e9es et stock\u00e9es varie en fonction de la finalit\u00e9 pour laquelle les informations sont utilis\u00e9es. Il existe cependant des exigences l\u00e9gales qui vous obligent \u00e0 conserver les donn\u00e9es pendant une certaine p\u00e9riode de temps.<\/p>\n<h3>6. Mesures de s\u00e9curit\u00e9<\/h3>\n<p>iDream s\u2019engage \u00e0 assurer la confidentialit\u00e9, la protection et la s\u00e9curit\u00e9 des donn\u00e9es personnelles de ses Clients en mettant en \u0153uvre des mesures techniques et organisationnelles appropri\u00e9es pour prot\u00e9ger vos donn\u00e9es contre toute forme de traitement indu ou ill\u00e9gitime et contre toute perte ou destruction accidentelle de ces donn\u00e9es.<\/p>\n<p>\u00c0 cette fin, nous avons cr\u00e9\u00e9 des proc\u00e9dures qui emp\u00eachent l\u2019acc\u00e8s non autoris\u00e9, la perte accidentelle et \/ ou la destruction des donn\u00e9es personnelles, nous engageant \u00e0 respecter les lois sur la protection des donn\u00e9es personnelles des clients et \u00e0 traiter ces donn\u00e9es uniquement aux fins pour lesquelles elles ont \u00e9t\u00e9 collect\u00e9es, ainsi que pour nous assurer que ces donn\u00e9es sont trait\u00e9es avec des niveaux ad\u00e9quats de s\u00e9curit\u00e9 et de confidentialit\u00e9.<\/p>\n<p>Vos donn\u00e9es personnelles seront limit\u00e9es aux personnes qui ont besoin de les conna\u00eetre dans l\u2019exercice de leurs fonctions, dans la mesure la plus stricte n\u00e9cessaire \u00e0 la poursuite des finalit\u00e9s du traitement.<\/p>\n<p>Parmi les cas dans lesquels le personnel administratif a acc\u00e8s \u00e0 vos donn\u00e9es et \u00e0 d\u2019autres cat\u00e9gories particuli\u00e8res de donn\u00e9es figurent le traitement des donn\u00e9es \u00e0 des fins de facturation et d\u2019ex\u00e9cution des services qui vous sont fournis ou pour la gestion de vos demandes d\u2019informations ou de r\u00e9clamations.<\/p>\n<p>iDream n\u2019est pas responsable des donn\u00e9es que vous mettez \u00e0 disposition sur les r\u00e9seaux sociaux. L\u2019utilisation des r\u00e9seaux sociaux d\u2019iDream peut impliquer la transmission de donn\u00e9es \u00e0 des fournisseurs de services de m\u00e9dias sociaux, qui peuvent \u00eatre bas\u00e9s en dehors de l\u2019Union europ\u00e9enne ou de l\u2019Espace \u00e9conomique europ\u00e9en.<\/p>\n<h3>7. Stockage des informations<\/h3>\n<p>Les donn\u00e9es seront stock\u00e9es \u00e9lectroniquement sur un serveur maintenu et contr\u00f4l\u00e9 par iDream, situ\u00e9 au Portugal et chez des fournisseurs de services Cloud bas\u00e9s dans l\u2019Union europ\u00e9enne.<\/p>\n<p>La s\u00e9curit\u00e9 est toujours surveill\u00e9e en termes d\u2019infrastructure et d\u2019acc\u00e8s aux donn\u00e9es. L\u2019acc\u00e8s est restreint et prot\u00e9g\u00e9 par divers outils de gestion et de cryptage des acc\u00e8s, dans le but que des tiers non autoris\u00e9s n\u2019y aient pas acc\u00e8s. Le risque de perte\/destruction est ainsi minimis\u00e9, mais pas \u00e9teint et il y a toujours la possibilit\u00e9 d\u2019un acc\u00e8s ill\u00e9gal aux donn\u00e9es. Dans ce cas, des mesures de r\u00e9tention des \u00e9chapp\u00e9s seront mises en \u0153uvre.<\/p>\n<h3>8. Droits de la personne concern\u00e9e<\/h3>\n<p><strong>Droit \u00e0 l\u2019information<\/strong>  \u2013 au moment de leur collecte ou de leur traitement, le titulaire des donn\u00e9es \u00e0 caract\u00e8re personnel a le droit d\u2019\u00eatre inform\u00e9 de la finalit\u00e9 du traitement, du responsable du traitement, des entit\u00e9s auxquelles ses donn\u00e9es peuvent \u00eatre communiqu\u00e9es, des conditions d\u2019acc\u00e8s et de rectification et des donn\u00e9es obligatoires et facultatives qui seront collect\u00e9es.<\/p>\n<p><strong>Droit d\u2019acc\u00e8s<\/strong> \u2013 le titulaire des donn\u00e9es personnelles a le droit d\u2019y acc\u00e9der, sans restrictions ni retards, ainsi que de savoir quelles informations sont disponibles sur l\u2019origine des donn\u00e9es, les finalit\u00e9s du traitement et la communication de celles-ci \u00e0 des tiers.<\/p>\n<p><strong>Droit de rectification<\/strong> \u2013 le titulaire a le droit d\u2019exiger que les donn\u00e9es le concernant soient exactes et \u00e0 jour, et peut \u00e0 tout moment demander leur rectification au responsable du traitement.<\/p>\n<p><strong>Droit \u00e0 l\u2019effacement<\/strong> \u2013 la personne concern\u00e9e a le droit de voir ses donn\u00e9es ne plus \u00eatre trait\u00e9es, supprim\u00e9es et supprim\u00e9es, sous certaines conditions, en cas de :<\/p>\n<ul>\n<li>cessent d\u2019\u00eatre n\u00e9cessaires aux fins pour lesquelles ils ont \u00e9t\u00e9 collect\u00e9s;<\/li>\n<li>les titulaires retirent leur consentement ou s\u2019opposent \u00e0 leur traitement;<\/li>\n<li>Si le traitement des donn\u00e9es n\u2019est pas conforme aux dispositions l\u00e9gales.<\/li>\n<\/ul>\n<p><strong>Droit \u00e0 la limitation du traitement<\/strong> \u2013 le titulaire des donn\u00e9es personnelles a le droit de limiter ses donn\u00e9es uniquement \u00e0 l\u2019essentiel aux fins du traitement.<\/p>\n<p><strong>Droit \u00e0 la portabilit\u00e9 des donn\u00e9es (transfert de donn\u00e9es)<\/strong> \u2013 la personne concern\u00e9e a le droit de recevoir vos donn\u00e9es ou de demander la transmission de donn\u00e9es \u00e0 une autre entit\u00e9 qui est la nouvelle personne responsable de vos donn\u00e9es personnelles (uniquement si cela est techniquement possible).<\/p>\n<p><strong>Droit d\u2019opposition<\/strong>  \u2013 la personne concern\u00e9e a le droit de s\u2019opposer, \u00e0 sa demande et gratuitement, au traitement de ses donn\u00e9es personnelles \u00e0 des fins de marketing direct ou de toute autre forme de prospection et que ses donn\u00e9es personnelles soient communiqu\u00e9es \u00e0 des tiers, sauf disposition contraire de la loi.<\/p>\n<p><strong>Droit de ne pas faire l\u2019objet de d\u00e9cisions automatis\u00e9es ou de profilage<\/strong> &#8211; En tant que titulaire de donn\u00e9es personnelles, vous avez le droit de ne pas \u00eatre soumis \u00e0 une d\u00e9cision prise uniquement sur la base d\u2019un traitement automatis\u00e9, y compris le profilage.<\/p>\n<p><strong>Droit de conna\u00eetre l\u2019existence d\u2019une violation de donn\u00e9es<\/strong> \u2013 le titulaire des donn\u00e9es personnelles a le droit d\u2019\u00eatre inform\u00e9 en cas de violation de la s\u00e9curit\u00e9 qui compromet vos donn\u00e9es.<\/p>\n<p><strong>Droit de r\u00e9clamation aupr\u00e8s de l\u2019autorit\u00e9 de contr\u00f4le <\/strong>\u2013 le titulaire des donn\u00e9es personnelles a le droit de porter plainte non seulement aupr\u00e8s du responsable du traitement des donn\u00e9es personnelles de l\u2019entreprise, mais \u00e9galement aupr\u00e8s de l\u2019autorit\u00e9 de contr\u00f4le, la Commission nationale de protection des donn\u00e9es (CNPD).<\/p>\n<p>Vous avez \u00e9galement le droit de retirer ou de modifier, \u00e0 tout moment, le consentement que vous nous avez donn\u00e9 pour utiliser vos donn\u00e9es personnelles, lorsqu\u2019il a l\u00e9gitim\u00e9 l\u2019utilisation de celles-ci.<\/p>\n<h3>9. Obligations des entit\u00e9s impliqu\u00e9es dans le traitement des donn\u00e9es<\/h3>\n<p>Chaque entit\u00e9 impliqu\u00e9e dans le traitement de vos donn\u00e9es est tenue de respecter la l\u00e9gislation applicable en mati\u00e8re de protection des donn\u00e9es, notamment en ce qui concerne la s\u00e9curit\u00e9 et la confidentialit\u00e9 de leur traitement.<\/p>\n<p>Les responsables du traitement des donn\u00e9es personnelles, ainsi que les personnes qui, dans l\u2019exercice de leurs fonctions, en ont connaissance sont tenus au secret professionnel, conform\u00e9ment \u00e0 la loi.<\/p>\n<h3>10. Contact en charge de la protection des donn\u00e9es<\/h3>\n<p><strong>iDream Unipersonal Lda.<\/strong><\/p>\n<p><strong>T\u00e9l\u00e9phone<\/strong>: +351 289 401 030<br \/>\n<strong>Courriel<\/strong> : geral@idream.pt<br \/>\n<strong>Domicile:<\/strong> Rua Assis Esperan\u00e7a N\u00ba5, 8100-543 Loul\u00e9<br \/>\n<strong>NPI :<\/strong> 510 232 493<br \/>\n<strong>Site Web : <\/strong>https:\/\/www.idream.pt\/<\/p>\n<h3>11. Modification et mise \u00e0 jour de la politique de confidentialit\u00e9<\/h3>\n<p>iDream se r\u00e9serve le droit, \u00e0 tout moment, d\u2019apporter des modifications ou des mises \u00e0 jour \u00e0 cette politique de confidentialit\u00e9, et ces changements sont d\u00fbment publi\u00e9s sur notre site Web. Si vous avez des questions ou souhaitez, \u00e0 tout moment, cesser de faire partie de la base de donn\u00e9es iDream, vous pouvez exercer ce droit en nous contactant par les moyens suivants.<\/p>\n<p><strong>iDream Unipersonal Lda.<\/strong><\/p>\n<p><strong>T\u00e9l\u00e9phone<\/strong>: +351 289 401 030<br \/>\n<strong>Courriel<\/strong> : geral@idream.pt<br \/>\n<strong>Domicile:<\/strong> Rua Assis Esperan\u00e7a N\u00ba5, 8100-543 Loul\u00e9<br \/>\n<strong>NPI :<\/strong> 510 232 493<br \/>\n<strong>Site Web : <\/strong>https:\/\/www.idream.pt\/[\/vc_column_text][\/vc_column][\/vc_row]<\/p>\n<\/div>","protected":false},"excerpt":{"rendered":"<p>[vc_row][vc_column][vc_column_text woodmart_inline=\u00a0\u00bbno\u00a0\u00bb text_larger=\u00a0\u00bbno\u00a0\u00bb] Champ d\u2019application g\u00e9n\u00e9ral iDream s\u2019engage \u00e0 prot\u00e9ger et \u00e0 assurer la s\u00e9curit\u00e9 des informations et de la<\/p>\n","protected":false},"author":2,"featured_media":0,"parent":0,"menu_order":0,"comment_status":"closed","ping_status":"closed","template":"","meta":{"footnotes":""},"class_list":["post-10476","page","type-page","status-publish","hentry"],"_links":{"self":[{"href":"https:\/\/idream.pt\/fr\/wp-json\/wp\/v2\/pages\/10476","targetHints":{"allow":["GET"]}}],"collection":[{"href":"https:\/\/idream.pt\/fr\/wp-json\/wp\/v2\/pages"}],"about":[{"href":"https:\/\/idream.pt\/fr\/wp-json\/wp\/v2\/types\/page"}],"author":[{"embeddable":true,"href":"https:\/\/idream.pt\/fr\/wp-json\/wp\/v2\/users\/2"}],"replies":[{"embeddable":true,"href":"https:\/\/idream.pt\/fr\/wp-json\/wp\/v2\/comments?post=10476"}],"version-history":[{"count":2,"href":"https:\/\/idream.pt\/fr\/wp-json\/wp\/v2\/pages\/10476\/revisions"}],"predecessor-version":[{"id":10478,"href":"https:\/\/idream.pt\/fr\/wp-json\/wp\/v2\/pages\/10476\/revisions\/10478"}],"wp:attachment":[{"href":"https:\/\/idream.pt\/fr\/wp-json\/wp\/v2\/media?parent=10476"}],"curies":[{"name":"wp","href":"https:\/\/api.w.org\/{rel}","templated":true}]}}