{"id":10449,"date":"2021-11-17T17:09:12","date_gmt":"2021-11-17T17:09:12","guid":{"rendered":"https:\/\/idream.pt\/recrutement\/"},"modified":"2022-02-28T15:03:51","modified_gmt":"2022-02-28T15:03:51","slug":"recrutement","status":"publish","type":"page","link":"https:\/\/idream.pt\/fr\/recrutement\/","title":{"rendered":"Recrutement"},"content":{"rendered":"<div class=\"wpb-content-wrapper\"><p>[vc_row][vc_column]\n\t\t<div id=\"wd-61b7109d4dcb7\" class=\"title-wrapper wd-wpb wd-set-mb reset-last-child  wd-rs-61b7109d4dcb7 wd-title-color-default wd-title-style-default text-left  wd-underline-colored\">\n\t\t\t\n\t\t\t<div class=\"liner-continer\">\n\t\t\t\t<h1 class=\"woodmart-title-container title  wd-font-weight- wd-fontsize-xxl\" >Venez travailler avec nous<\/h1>\n\t\t\t\t\t\t\t<\/div>\n\t\t\t\n\t\t\t\n\t\t\t\n\t\t<\/div>\n\t\t\n\t\t[vc_column_text woodmart_inline=\u00a0\u00bbno\u00a0\u00bb text_larger=\u00a0\u00bbno\u00a0\u00bb]Venez rejoindre notre \u00e9quipe pour qu\u2019ensemble nous atteignions tous nos objectifs. Nous favorisons un environnement propice \u00e0 l\u2019apprentissage et au d\u00e9veloppement d\u2019un travail \u00e9quitable et de qualit\u00e9. Envoyez-nous votre CV. Nous sommes toujours r\u00e9ceptifs \u00e0 recevoir des contacts de personnes valides et responsables.[\/vc_column_text][\/vc_column][\/vc_row][vc_row][vc_column width=\u00a0\u00bb5\/6&Prime;]\n<div class=\"wpcf7 no-js\" id=\"wpcf7-f11607-o1\" lang=\"fr-FR\" dir=\"ltr\" data-wpcf7-id=\"11607\">\n<div class=\"screen-reader-response\"><p role=\"status\" aria-live=\"polite\" aria-atomic=\"true\"><\/p> <ul><\/ul><\/div>\n<form action=\"\/fr\/wp-json\/wp\/v2\/pages\/10449#wpcf7-f11607-o1\" method=\"post\" class=\"wpcf7-form init\" aria-label=\"Formulaire de contact\" enctype=\"multipart\/form-data\" novalidate=\"novalidate\" data-status=\"init\">\n<fieldset class=\"hidden-fields-container\"><input type=\"hidden\" name=\"_wpcf7\" value=\"11607\" \/><input type=\"hidden\" name=\"_wpcf7_version\" value=\"6.1.5\" \/><input type=\"hidden\" name=\"_wpcf7_locale\" value=\"fr_FR\" \/><input type=\"hidden\" name=\"_wpcf7_unit_tag\" value=\"wpcf7-f11607-o1\" \/><input type=\"hidden\" name=\"_wpcf7_container_post\" value=\"0\" \/><input type=\"hidden\" name=\"_wpcf7_posted_data_hash\" value=\"\" \/><input type=\"hidden\" name=\"_wpcf7_recaptcha_response\" value=\"\" \/>\n<\/fieldset>\n<div class=\"row\">\n\t<p class=\"col-md-6\"><label>Nom Complet <sup class=\"cf-mandatory-field\">*<\/sup><\/label><span class=\"wpcf7-form-control-wrap\" data-name=\"mc4wp-NAME\"><input size=\"40\" maxlength=\"400\" class=\"wpcf7-form-control wpcf7-text wpcf7-validates-as-required\" aria-required=\"true\" aria-invalid=\"false\" value=\"\" type=\"text\" name=\"mc4wp-NAME\" \/><\/span>\n\t<\/p>\n\t<p class=\"col-md-6\"><label>Adresse E-mail <sup class=\"cf-mandatory-field\">*<\/sup><\/label><span class=\"wpcf7-form-control-wrap\" data-name=\"mc4wp-EMAIL\"><input size=\"40\" maxlength=\"400\" class=\"wpcf7-form-control wpcf7-email wpcf7-validates-as-required wpcf7-text wpcf7-validates-as-email\" aria-required=\"true\" aria-invalid=\"false\" value=\"\" type=\"email\" name=\"mc4wp-EMAIL\" \/><\/span>\n\t<\/p>\n<\/div>\n<div class=\"row\">\n\t<p class=\"col-md-6\"><label>Num\u00e9ro de T\u00e9l\u00e9phone <sup class=\"cf-mandatory-field\">*<\/sup><\/label><span class=\"wpcf7-form-control-wrap\" data-name=\"mc4wp-PHONE\"><input size=\"40\" maxlength=\"400\" class=\"wpcf7-form-control wpcf7-tel wpcf7-validates-as-required wpcf7-text wpcf7-validates-as-tel\" aria-required=\"true\" aria-invalid=\"false\" value=\"\" type=\"tel\" name=\"mc4wp-PHONE\" \/><\/span>\n\t<\/p>\n\t<p class=\"col-md-6\"><label>Domicile<\/label><span class=\"wpcf7-form-control-wrap\" data-name=\"your-address\"><input size=\"40\" maxlength=\"400\" class=\"wpcf7-form-control wpcf7-text\" aria-invalid=\"false\" value=\"\" type=\"text\" name=\"your-address\" \/><\/span>\n\t<\/p>\n<\/div>\n<div class=\"row\">\n\t<p class=\"col-md-12\"><label>Curriculum vitae<\/label><span class=\"wpcf7-form-control-wrap\" data-name=\"cv\"><input size=\"40\" class=\"wpcf7-form-control wpcf7-file wpcf7-validates-as-required\" accept=\".doc,.docx,.pdf\" aria-required=\"true\" aria-invalid=\"false\" type=\"file\" name=\"cv\" \/><\/span><br \/>\n<small> Taille maximale du fichier: 5Mb. Formats pris en charge : doc, docx et pdf.<\/small>\n\t<\/p>\n<\/div>\n<p><label>Informations suppl\u00e9mentaires<\/label><span class=\"wpcf7-form-control-wrap\" data-name=\"your-message\"><textarea cols=\"40\" rows=\"4\" maxlength=\"2000\" class=\"wpcf7-form-control wpcf7-textarea\" aria-invalid=\"false\" name=\"your-message\"><\/textarea><\/span>\n<\/p>\n<p class=\"cf-note nomargin\"><small><span class=\"wpcf7-form-control-wrap\" data-name=\"rgpd-acceptance\"><span class=\"wpcf7-form-control wpcf7-acceptance\"><span class=\"wpcf7-list-item\"><label><input type=\"checkbox\" name=\"rgpd-acceptance\" value=\"1\" aria-invalid=\"false\" \/><span class=\"wpcf7-list-item-label\">J'ai lu et j'accepte <a href=\"https:\/\/idream.pt\/politica-privacidade\/\" target=\"_blank\">Politique de confidentialit\u00e9<\/a>.<\/span><\/label><\/span><\/span><\/span><\/small>\n<\/p>\n<p class=\"cf-note\"><small><!-- Mailchimp for WordPress v4.12.2 - https:\/\/www.mc4wp.com\/ --><input type=\"hidden\" name=\"_mc4wp_subscribe_contact-form-7\" value=\"0\" \/><span class=\"mc4wp-checkbox mc4wp-checkbox-contact-form-7 \"><label><input type=\"checkbox\" name=\"_mc4wp_subscribe_contact-form-7\" value=\"1\" ><span>Subscrever a newsletter para receber as novidades e promo\u00e7\u00f5es no seu e-mail<\/span><\/label><\/span><!-- \/ Mailchimp for WordPress --><\/small>\n<\/p>\n<p><input class=\"wpcf7-form-control wpcf7-submit has-spinner\" type=\"submit\" value=\"Enviar\" \/>\n<\/p>\n<p class=\"cf-note\"><small>This site is protected by reCAPTCHA and the <a href=\"https:\/\/policies.google.com\/privacy\" target=\"_blank\" rel=\"noopener noreferrer\">Google Privacy Policy<\/a> and <a href=\"https:\/\/policies.google.com\/terms\" target=\"_blank\" rel=\"noopener noreferrer\">Terms of Service apply<\/a>.<\/small>\n<\/p><div class=\"wpcf7-response-output\" aria-hidden=\"true\"><\/div>\n<\/form>\n<\/div>\n[\/vc_column][vc_column width=\u00a0\u00bb1\/6&Prime;][\/vc_column][\/vc_row]<\/p>\n<\/div>","protected":false},"excerpt":{"rendered":"<p>[vc_row][vc_column][vc_column_text woodmart_inline=\u00a0\u00bbno\u00a0\u00bb text_larger=\u00a0\u00bbno\u00a0\u00bb]Venez rejoindre notre \u00e9quipe pour qu\u2019ensemble nous atteignions tous nos objectifs. Nous favorisons un environnement propice \u00e0 l\u2019apprentissage<\/p>\n","protected":false},"author":2,"featured_media":0,"parent":0,"menu_order":0,"comment_status":"closed","ping_status":"closed","template":"","meta":{"footnotes":""},"class_list":["post-10449","page","type-page","status-publish","hentry"],"_links":{"self":[{"href":"https:\/\/idream.pt\/fr\/wp-json\/wp\/v2\/pages\/10449","targetHints":{"allow":["GET"]}}],"collection":[{"href":"https:\/\/idream.pt\/fr\/wp-json\/wp\/v2\/pages"}],"about":[{"href":"https:\/\/idream.pt\/fr\/wp-json\/wp\/v2\/types\/page"}],"author":[{"embeddable":true,"href":"https:\/\/idream.pt\/fr\/wp-json\/wp\/v2\/users\/2"}],"replies":[{"embeddable":true,"href":"https:\/\/idream.pt\/fr\/wp-json\/wp\/v2\/comments?post=10449"}],"version-history":[{"count":2,"href":"https:\/\/idream.pt\/fr\/wp-json\/wp\/v2\/pages\/10449\/revisions"}],"predecessor-version":[{"id":10451,"href":"https:\/\/idream.pt\/fr\/wp-json\/wp\/v2\/pages\/10449\/revisions\/10451"}],"wp:attachment":[{"href":"https:\/\/idream.pt\/fr\/wp-json\/wp\/v2\/media?parent=10449"}],"curies":[{"name":"wp","href":"https:\/\/api.w.org\/{rel}","templated":true}]}}