{"id":10431,"date":"2021-11-11T11:59:05","date_gmt":"2021-11-11T11:59:05","guid":{"rendered":"https:\/\/idream.pt\/produits-dans-campaign\/"},"modified":"2022-02-28T15:01:32","modified_gmt":"2022-02-28T15:01:32","slug":"produits-dans-campaign","status":"publish","type":"page","link":"https:\/\/idream.pt\/fr\/produits-dans-campaign\/","title":{"rendered":"Produits dans campaign"},"content":{"rendered":"<div class=\"wpb-content-wrapper\"><p>[vc_row][vc_column]\n\t\t<div id=\"wd-61b1ce044aebc\" class=\"title-wrapper wd-wpb wd-set-mb reset-last-child  wd-rs-61b1ce044aebc wd-title-color-default wd-title-style-default text-left  wd-underline-colored\">\n\t\t\t\n\t\t\t<div class=\"liner-continer\">\n\t\t\t\t<h1 class=\"woodmart-title-container title  wd-font-weight- wd-fontsize-xxl\" >Produits de campagne et de promotion<\/h1>\n\t\t\t\t\t\t\t<\/div>\n\t\t\t\n\t\t\t\n\t\t\t\n\t\t<\/div>\n\t\t\n\t\t[vc_column_text woodmart_inline=\u00a0\u00bbno\u00a0\u00bb text_larger=\u00a0\u00bbno\u00a0\u00bb]Si c\u2019est pour \u00e9conomiser de l\u2019argent, \u00e9conomisez sur notre s\u00e9lection de produits des meilleures marques et d\u2019excellente qualit\u00e9! Profitez de nos r\u00e9ductions et campagnes.[\/vc_column_text][\/vc_column][\/vc_row][vc_row][vc_column]\t\t\t<div id=\"\" class=\"wd-products-element wd-wpb\">\n\t\t\t\n\t\t\n\t\t\t\t\t<div class=\"products wd-products  grid-columns-5 elements-grid pagination-infinit wd-grid-g wd-quantity-enabled title-line-two\" data-paged=\"1\" data-atts=\"{&quot;post_type&quot;:&quot;sale&quot;,&quot;spacing&quot;:&quot;30&quot;,&quot;pagination&quot;:&quot;infinit&quot;,&quot;items_per_page&quot;:&quot;15&quot;,&quot;columns&quot;:&quot;5&quot;,&quot;sale_countdown&quot;:&quot;0&quot;,&quot;stock_progress_bar&quot;:&quot;0&quot;,&quot;highlighted_products&quot;:&quot;0&quot;,&quot;products_bordered_grid&quot;:&quot;0&quot;,&quot;lazy_loading&quot;:&quot;yes&quot;,&quot;force_not_ajax&quot;:&quot;no&quot;}\" data-source=\"shortcode\" data-columns=\"5\" data-grid-gallery=\"\" style=\"--wd-col-lg:5;--wd-col-md:4;--wd-col-sm:2;--wd-gap-lg:30px;--wd-gap-sm:10px;\">\n\t\t\t<div class=\"wd-product wd-with-labels wd-hover-standard wd-quantity wd-col product-grid-item product type-product post-9849 status-publish instock product_cat-cremes-glacees-impulse has-post-thumbnail sale taxable shipping-taxable purchasable product-type-simple\" data-loop=\"1\" data-id=\"9849\">\n\t\n\t\n<div class=\"product-wrapper\">\n\t<div class=\"product-element-top wd-quick-shop\">\n\t\t<a href=\"https:\/\/idream.pt\/fr\/produto\/amande-chocolat\/\" class=\"product-image-link\">\n\t\t\t<div class=\"product-labels labels-rectangular\"><span class=\"onsale product-label\">-35%<\/span><\/div><img loading=\"lazy\" decoding=\"async\" width=\"600\" height=\"600\" src=\"https:\/\/idream.pt\/wp-content\/uploads\/2021\/11\/bombom-amendoa-600x600.jpg\" class=\"attachment-woocommerce_thumbnail size-woocommerce_thumbnail\" alt=\"\" srcset=\"https:\/\/idream.pt\/wp-content\/uploads\/2021\/11\/bombom-amendoa-600x600.jpg 600w, https:\/\/idream.pt\/wp-content\/uploads\/2021\/11\/bombom-amendoa-300x300.jpg 300w, https:\/\/idream.pt\/wp-content\/uploads\/2021\/11\/bombom-amendoa-800x800.jpg 800w, https:\/\/idream.pt\/wp-content\/uploads\/2021\/11\/bombom-amendoa-150x150.jpg 150w, https:\/\/idream.pt\/wp-content\/uploads\/2021\/11\/bombom-amendoa-768x768.jpg 768w, https:\/\/idream.pt\/wp-content\/uploads\/2021\/11\/bombom-amendoa-1536x1536.jpg 1536w, https:\/\/idream.pt\/wp-content\/uploads\/2021\/11\/bombom-amendoa-1200x1200.jpg 1200w, https:\/\/idream.pt\/wp-content\/uploads\/2021\/11\/bombom-amendoa.jpg 1600w\" sizes=\"auto, (max-width: 600px) 100vw, 600px\" \/>\t\t<\/a>\n\n\t\t\n\t\t<div class=\"wd-buttons wd-pos-r-t\">\n\t\t\t\t\t\t\t\t\t\t\t\t\t\t\t<div class=\"wd-wishlist-btn wd-action-btn wd-style-icon wd-wishlist-icon\">\n\t\t\t\t<a class=\"\" href=\"https:\/\/idream.pt\/fr\/favori\/\" data-key=\"55c24690e7\" data-product-id=\"7376\" rel=\"nofollow\" data-added-text=\"Browse Wishlist\">\n\t\t\t\t\t<span>Add to wishlist<\/span>\n\t\t\t\t<\/a>\n\t\t\t<\/div>\n\t\t\t\t<\/div>\n\t<\/div>\n\n\t\n\t\n\t<h3 class=\"wd-entities-title\"><a href=\"https:\/\/idream.pt\/fr\/produto\/amande-chocolat\/\">Amande Bombom 20 Un.<\/a><\/h3>\n\t\t\t<div class=\"wd-product-cats\">\n\t\t\t<a href=\"https:\/\/idream.pt\/fr\/categoria-produto\/produits-congeles\/creme-glacee-et-desserts\/cremes-glacees-impulse\/\" rel=\"tag\">Cr\u00e8mes glac\u00e9es Impulse<\/a>\t\t<\/div>\n\t\t\t\t\n\t\n\t<span class=\"price\"><del aria-hidden=\"true\"><span class=\"woocommerce-Price-amount amount\"><bdi>24,72&nbsp;<span class=\"woocommerce-Price-currencySymbol\">&euro;<\/span><\/bdi><\/span><\/del> <span class=\"screen-reader-text\">Le prix initial \u00e9tait\u00a0: 24,72&nbsp;&euro;.<\/span><ins aria-hidden=\"true\"><span class=\"woocommerce-Price-amount amount\"><bdi>16,18&nbsp;<span class=\"woocommerce-Price-currencySymbol\">&euro;<\/span><\/bdi><\/span><\/ins><span class=\"screen-reader-text\">Le prix actuel est\u00a0: 16,18&nbsp;&euro;.<\/span><\/span>\n\n\t<div class=\"wd-add-btn wd-add-btn-replace\">\n\t\t\t\t\t\n<div class=\"quantity\">\n\t\n\t\t\t<input type=\"button\" value=\"-\" class=\"minus btn\" \/>\n\t\n\t<label class=\"screen-reader-text\" for=\"quantity_69ecd226e5e43\">quantit\u00e9 de Amande Bombom 20 Un.<\/label>\n\t<input\n\t\ttype=\"number\"\n\t\t\t\tid=\"quantity_69ecd226e5e43\"\n\t\tclass=\"input-text qty text\"\n\t\tvalue=\"1\"\n\t\taria-label=\"Quantit\u00e9 de produits\"\n\t\t\t\tmin=\"1\"\n\t\tmax=\"\"\n\t\tname=\"quantity\"\n\n\t\t\t\t\tstep=\"1\"\n\t\t\tplaceholder=\"\"\n\t\t\tinputmode=\"numeric\"\n\t\t\tautocomplete=\"off\"\n\t\t\t>\n\n\t\t\t<input type=\"button\" value=\"+\" class=\"plus btn\" \/>\n\t\n\t<\/div>\n\t\t\n\t\t<a href=\"\/fr\/wp-json\/wp\/v2\/pages\/10431?add-to-cart=9849\" aria-describedby=\"woocommerce_loop_add_to_cart_link_describedby_9849\" data-quantity=\"1\" class=\"button product_type_simple add_to_cart_button ajax_add_to_cart add-to-cart-loop\" data-product_id=\"9849\" data-product_sku=\"10806\" aria-label=\"Ajouter au panier\u00a0: &ldquo;Amande Bombom 20 Un.&rdquo;\" rel=\"nofollow\" data-success_message=\"\u00ab\u00a0Amande Bombom 20 Un.\u00a0\u00bb a \u00e9t\u00e9 ajout\u00e9 \u00e0 votre panier\" role=\"button\"><span>Ajouter au panier<\/span><\/a>\t<span id=\"woocommerce_loop_add_to_cart_link_describedby_9849\" class=\"screen-reader-text\">\n\t\t\t<\/span>\n\t<\/div>\n\n\t\n\t\n\t\t<\/div>\n<\/div>\n<div class=\"wd-product wd-with-labels wd-hover-standard wd-quantity wd-col product-grid-item product type-product post-9844 status-publish instock product_cat-cremes-glacees-impulse has-post-thumbnail sale taxable shipping-taxable purchasable product-type-simple\" data-loop=\"2\" data-id=\"9844\">\n\t\n\t\n<div class=\"product-wrapper\">\n\t<div class=\"product-element-top wd-quick-shop\">\n\t\t<a href=\"https:\/\/idream.pt\/fr\/produto\/blanc-bon\/\" class=\"product-image-link\">\n\t\t\t<div class=\"product-labels labels-rectangular\"><span class=\"onsale product-label\">-35%<\/span><\/div><img loading=\"lazy\" decoding=\"async\" width=\"600\" height=\"600\" src=\"https:\/\/idream.pt\/wp-content\/uploads\/2021\/11\/bombom-branco-600x600.jpg\" class=\"attachment-woocommerce_thumbnail size-woocommerce_thumbnail\" alt=\"\" srcset=\"https:\/\/idream.pt\/wp-content\/uploads\/2021\/11\/bombom-branco-600x600.jpg 600w, https:\/\/idream.pt\/wp-content\/uploads\/2021\/11\/bombom-branco-300x300.jpg 300w, https:\/\/idream.pt\/wp-content\/uploads\/2021\/11\/bombom-branco-800x800.jpg 800w, https:\/\/idream.pt\/wp-content\/uploads\/2021\/11\/bombom-branco-150x150.jpg 150w, https:\/\/idream.pt\/wp-content\/uploads\/2021\/11\/bombom-branco-768x768.jpg 768w, https:\/\/idream.pt\/wp-content\/uploads\/2021\/11\/bombom-branco-1536x1536.jpg 1536w, https:\/\/idream.pt\/wp-content\/uploads\/2021\/11\/bombom-branco-1200x1200.jpg 1200w, https:\/\/idream.pt\/wp-content\/uploads\/2021\/11\/bombom-branco.jpg 1600w\" sizes=\"auto, (max-width: 600px) 100vw, 600px\" \/>\t\t<\/a>\n\n\t\t\n\t\t<div class=\"wd-buttons wd-pos-r-t\">\n\t\t\t\t\t\t\t\t\t\t\t\t\t\t\t<div class=\"wd-wishlist-btn wd-action-btn wd-style-icon wd-wishlist-icon\">\n\t\t\t\t<a class=\"\" href=\"https:\/\/idream.pt\/fr\/favori\/\" data-key=\"55c24690e7\" data-product-id=\"7377\" rel=\"nofollow\" data-added-text=\"Browse Wishlist\">\n\t\t\t\t\t<span>Add to wishlist<\/span>\n\t\t\t\t<\/a>\n\t\t\t<\/div>\n\t\t\t\t<\/div>\n\t<\/div>\n\n\t\n\t\n\t<h3 class=\"wd-entities-title\"><a href=\"https:\/\/idream.pt\/fr\/produto\/blanc-bon\/\">Chocolat Blanc 20 Un.<\/a><\/h3>\n\t\t\t<div class=\"wd-product-cats\">\n\t\t\t<a href=\"https:\/\/idream.pt\/fr\/categoria-produto\/produits-congeles\/creme-glacee-et-desserts\/cremes-glacees-impulse\/\" rel=\"tag\">Cr\u00e8mes glac\u00e9es Impulse<\/a>\t\t<\/div>\n\t\t\t\t\n\t\n\t<span class=\"price\"><del aria-hidden=\"true\"><span class=\"woocommerce-Price-amount amount\"><bdi>24,72&nbsp;<span class=\"woocommerce-Price-currencySymbol\">&euro;<\/span><\/bdi><\/span><\/del> <span class=\"screen-reader-text\">Le prix initial \u00e9tait\u00a0: 24,72&nbsp;&euro;.<\/span><ins aria-hidden=\"true\"><span class=\"woocommerce-Price-amount amount\"><bdi>16,18&nbsp;<span class=\"woocommerce-Price-currencySymbol\">&euro;<\/span><\/bdi><\/span><\/ins><span class=\"screen-reader-text\">Le prix actuel est\u00a0: 16,18&nbsp;&euro;.<\/span><\/span>\n\n\t<div class=\"wd-add-btn wd-add-btn-replace\">\n\t\t\t\t\t\n<div class=\"quantity\">\n\t\n\t\t\t<input type=\"button\" value=\"-\" class=\"minus btn\" \/>\n\t\n\t<label class=\"screen-reader-text\" for=\"quantity_69ecd226f2352\">quantit\u00e9 de Chocolat Blanc 20 Un.<\/label>\n\t<input\n\t\ttype=\"number\"\n\t\t\t\tid=\"quantity_69ecd226f2352\"\n\t\tclass=\"input-text qty text\"\n\t\tvalue=\"1\"\n\t\taria-label=\"Quantit\u00e9 de produits\"\n\t\t\t\tmin=\"1\"\n\t\tmax=\"\"\n\t\tname=\"quantity\"\n\n\t\t\t\t\tstep=\"1\"\n\t\t\tplaceholder=\"\"\n\t\t\tinputmode=\"numeric\"\n\t\t\tautocomplete=\"off\"\n\t\t\t>\n\n\t\t\t<input type=\"button\" value=\"+\" class=\"plus btn\" \/>\n\t\n\t<\/div>\n\t\t\n\t\t<a href=\"\/fr\/wp-json\/wp\/v2\/pages\/10431?add-to-cart=9844\" aria-describedby=\"woocommerce_loop_add_to_cart_link_describedby_9844\" data-quantity=\"1\" class=\"button product_type_simple add_to_cart_button ajax_add_to_cart add-to-cart-loop\" data-product_id=\"9844\" data-product_sku=\"10807\" aria-label=\"Ajouter au panier\u00a0: &ldquo;Chocolat Blanc 20 Un.&rdquo;\" rel=\"nofollow\" data-success_message=\"\u00ab\u00a0Chocolat Blanc 20 Un.\u00a0\u00bb a \u00e9t\u00e9 ajout\u00e9 \u00e0 votre panier\" role=\"button\"><span>Ajouter au panier<\/span><\/a>\t<span id=\"woocommerce_loop_add_to_cart_link_describedby_9844\" class=\"screen-reader-text\">\n\t\t\t<\/span>\n\t<\/div>\n\n\t\n\t\n\t\t<\/div>\n<\/div>\n<div class=\"wd-product wd-with-labels wd-hover-standard wd-quantity wd-col product-grid-item product type-product post-9819 status-publish last instock product_cat-patisserie-surgelee has-post-thumbnail sale taxable shipping-taxable purchasable product-type-simple\" data-loop=\"3\" data-id=\"9819\">\n\t\n\t\n<div class=\"product-wrapper\">\n\t<div class=\"product-element-top wd-quick-shop\">\n\t\t<a href=\"https:\/\/idream.pt\/fr\/produto\/chocolat-doonys\/\" class=\"product-image-link\">\n\t\t\t<div class=\"product-labels labels-rectangular\"><span class=\"onsale product-label\">-30%<\/span><\/div><img loading=\"lazy\" decoding=\"async\" width=\"600\" height=\"600\" src=\"https:\/\/idream.pt\/wp-content\/uploads\/2021\/11\/doonys-chocolate-1-600x600.jpg\" class=\"attachment-woocommerce_thumbnail size-woocommerce_thumbnail\" alt=\"\" srcset=\"https:\/\/idream.pt\/wp-content\/uploads\/2021\/11\/doonys-chocolate-1-600x600.jpg 600w, https:\/\/idream.pt\/wp-content\/uploads\/2021\/11\/doonys-chocolate-1-150x150.jpg 150w, https:\/\/idream.pt\/wp-content\/uploads\/2021\/11\/doonys-chocolate-1.jpg 800w\" sizes=\"auto, (max-width: 600px) 100vw, 600px\" \/>\t\t<\/a>\n\n\t\t\n\t\t<div class=\"wd-buttons wd-pos-r-t\">\n\t\t\t\t\t\t\t\t\t\t\t\t\t\t\t<div class=\"wd-wishlist-btn wd-action-btn wd-style-icon wd-wishlist-icon\">\n\t\t\t\t<a class=\"\" href=\"https:\/\/idream.pt\/fr\/favori\/\" data-key=\"55c24690e7\" data-product-id=\"9819\" rel=\"nofollow\" data-added-text=\"Browse Wishlist\">\n\t\t\t\t\t<span>Add to wishlist<\/span>\n\t\t\t\t<\/a>\n\t\t\t<\/div>\n\t\t\t\t<\/div>\n\t<\/div>\n\n\t\n\t\n\t<h3 class=\"wd-entities-title\"><a href=\"https:\/\/idream.pt\/fr\/produto\/chocolat-doonys\/\">Doony \u0301s Chocolat 55 gr.<\/a><\/h3>\n\t\t\t<div class=\"wd-product-cats\">\n\t\t\t<a href=\"https:\/\/idream.pt\/fr\/categoria-produto\/produits-congeles\/confiseries-congelees\/patisserie-surgelee\/\" rel=\"tag\">P\u00e2tisserie surgel\u00e9e<\/a>\t\t<\/div>\n\t\t\t\t\n\t\n\t<span class=\"price\"><del aria-hidden=\"true\"><span class=\"woocommerce-Price-amount amount\"><bdi>22,00&nbsp;<span class=\"woocommerce-Price-currencySymbol\">&euro;<\/span><\/bdi><\/span><\/del> <span class=\"screen-reader-text\">Le prix initial \u00e9tait\u00a0: 22,00&nbsp;&euro;.<\/span><ins aria-hidden=\"true\"><span class=\"woocommerce-Price-amount amount\"><bdi>15,32&nbsp;<span class=\"woocommerce-Price-currencySymbol\">&euro;<\/span><\/bdi><\/span><\/ins><span class=\"screen-reader-text\">Le prix actuel est\u00a0: 15,32&nbsp;&euro;.<\/span><\/span>\n\n\t<div class=\"wd-add-btn wd-add-btn-replace\">\n\t\t\t\t\t\n<div class=\"quantity\">\n\t\n\t\t\t<input type=\"button\" value=\"-\" class=\"minus btn\" \/>\n\t\n\t<label class=\"screen-reader-text\" for=\"quantity_69ecd227003a4\">quantit\u00e9 de Doony \u0301s Chocolat 55 gr.<\/label>\n\t<input\n\t\ttype=\"number\"\n\t\t\t\tid=\"quantity_69ecd227003a4\"\n\t\tclass=\"input-text qty text\"\n\t\tvalue=\"1\"\n\t\taria-label=\"Quantit\u00e9 de produits\"\n\t\t\t\tmin=\"1\"\n\t\tmax=\"\"\n\t\tname=\"quantity\"\n\n\t\t\t\t\tstep=\"1\"\n\t\t\tplaceholder=\"\"\n\t\t\tinputmode=\"numeric\"\n\t\t\tautocomplete=\"off\"\n\t\t\t>\n\n\t\t\t<input type=\"button\" value=\"+\" class=\"plus btn\" \/>\n\t\n\t<\/div>\n\t\t\n\t\t<a href=\"\/fr\/wp-json\/wp\/v2\/pages\/10431?add-to-cart=9819\" aria-describedby=\"woocommerce_loop_add_to_cart_link_describedby_9819\" data-quantity=\"1\" class=\"button product_type_simple add_to_cart_button ajax_add_to_cart add-to-cart-loop\" data-product_id=\"9819\" data-product_sku=\"10405\" aria-label=\"Ajouter au panier\u00a0: &ldquo;Doony \u0301s Chocolat 55 gr.&rdquo;\" rel=\"nofollow\" data-success_message=\"\u00ab\u00a0Doony \u0301s Chocolat 55 gr.\u00a0\u00bb a \u00e9t\u00e9 ajout\u00e9 \u00e0 votre panier\" role=\"button\"><span>Ajouter au panier<\/span><\/a>\t<span id=\"woocommerce_loop_add_to_cart_link_describedby_9819\" class=\"screen-reader-text\">\n\t\t\t<\/span>\n\t<\/div>\n\n\t\n\t\n\t\t<\/div>\n<\/div>\n<div class=\"wd-product wd-with-labels wd-hover-standard wd-quantity wd-col product-grid-item product type-product post-9850 status-publish first instock product_cat-cremes-glacees-impulse has-post-thumbnail sale taxable shipping-taxable purchasable product-type-simple\" data-loop=\"4\" data-id=\"9850\">\n\t\n\t\n<div class=\"product-wrapper\">\n\t<div class=\"product-element-top wd-quick-shop\">\n\t\t<a href=\"https:\/\/idream.pt\/fr\/produto\/bombom-avela\/\" class=\"product-image-link\">\n\t\t\t<div class=\"product-labels labels-rectangular\"><span class=\"onsale product-label\">-35%<\/span><\/div><img loading=\"lazy\" decoding=\"async\" width=\"600\" height=\"600\" src=\"https:\/\/idream.pt\/wp-content\/uploads\/2021\/11\/bombom-aveia-600x600.jpg\" class=\"attachment-woocommerce_thumbnail size-woocommerce_thumbnail\" alt=\"\" srcset=\"https:\/\/idream.pt\/wp-content\/uploads\/2021\/11\/bombom-aveia-600x600.jpg 600w, https:\/\/idream.pt\/wp-content\/uploads\/2021\/11\/bombom-aveia-300x300.jpg 300w, https:\/\/idream.pt\/wp-content\/uploads\/2021\/11\/bombom-aveia-800x800.jpg 800w, https:\/\/idream.pt\/wp-content\/uploads\/2021\/11\/bombom-aveia-150x150.jpg 150w, https:\/\/idream.pt\/wp-content\/uploads\/2021\/11\/bombom-aveia-768x768.jpg 768w, https:\/\/idream.pt\/wp-content\/uploads\/2021\/11\/bombom-aveia-1536x1536.jpg 1536w, https:\/\/idream.pt\/wp-content\/uploads\/2021\/11\/bombom-aveia-1200x1200.jpg 1200w, https:\/\/idream.pt\/wp-content\/uploads\/2021\/11\/bombom-aveia.jpg 1600w\" sizes=\"auto, (max-width: 600px) 100vw, 600px\" \/>\t\t<\/a>\n\n\t\t\n\t\t<div class=\"wd-buttons wd-pos-r-t\">\n\t\t\t\t\t\t\t\t\t\t\t\t\t\t\t<div class=\"wd-wishlist-btn wd-action-btn wd-style-icon wd-wishlist-icon\">\n\t\t\t\t<a class=\"\" href=\"https:\/\/idream.pt\/fr\/favori\/\" data-key=\"55c24690e7\" data-product-id=\"7409\" rel=\"nofollow\" data-added-text=\"Browse Wishlist\">\n\t\t\t\t\t<span>Add to wishlist<\/span>\n\t\t\t\t<\/a>\n\t\t\t<\/div>\n\t\t\t\t<\/div>\n\t<\/div>\n\n\t\n\t\n\t<h3 class=\"wd-entities-title\"><a href=\"https:\/\/idream.pt\/fr\/produto\/bombom-avela\/\">Noisette Bombom 20 Un.<\/a><\/h3>\n\t\t\t<div class=\"wd-product-cats\">\n\t\t\t<a href=\"https:\/\/idream.pt\/fr\/categoria-produto\/produits-congeles\/creme-glacee-et-desserts\/cremes-glacees-impulse\/\" rel=\"tag\">Cr\u00e8mes glac\u00e9es Impulse<\/a>\t\t<\/div>\n\t\t\t\t\n\t\n\t<span class=\"price\"><del aria-hidden=\"true\"><span class=\"woocommerce-Price-amount amount\"><bdi>24,72&nbsp;<span class=\"woocommerce-Price-currencySymbol\">&euro;<\/span><\/bdi><\/span><\/del> <span class=\"screen-reader-text\">Le prix initial \u00e9tait\u00a0: 24,72&nbsp;&euro;.<\/span><ins aria-hidden=\"true\"><span class=\"woocommerce-Price-amount amount\"><bdi>16,18&nbsp;<span class=\"woocommerce-Price-currencySymbol\">&euro;<\/span><\/bdi><\/span><\/ins><span class=\"screen-reader-text\">Le prix actuel est\u00a0: 16,18&nbsp;&euro;.<\/span><\/span>\n\n\t<div class=\"wd-add-btn wd-add-btn-replace\">\n\t\t\t\t\t\n<div class=\"quantity\">\n\t\n\t\t\t<input type=\"button\" value=\"-\" class=\"minus btn\" \/>\n\t\n\t<label class=\"screen-reader-text\" for=\"quantity_69ecd227020e5\">quantit\u00e9 de Noisette Bombom 20 Un.<\/label>\n\t<input\n\t\ttype=\"number\"\n\t\t\t\tid=\"quantity_69ecd227020e5\"\n\t\tclass=\"input-text qty text\"\n\t\tvalue=\"1\"\n\t\taria-label=\"Quantit\u00e9 de produits\"\n\t\t\t\tmin=\"1\"\n\t\tmax=\"\"\n\t\tname=\"quantity\"\n\n\t\t\t\t\tstep=\"1\"\n\t\t\tplaceholder=\"\"\n\t\t\tinputmode=\"numeric\"\n\t\t\tautocomplete=\"off\"\n\t\t\t>\n\n\t\t\t<input type=\"button\" value=\"+\" class=\"plus btn\" \/>\n\t\n\t<\/div>\n\t\t\n\t\t<a href=\"\/fr\/wp-json\/wp\/v2\/pages\/10431?add-to-cart=9850\" aria-describedby=\"woocommerce_loop_add_to_cart_link_describedby_9850\" data-quantity=\"1\" class=\"button product_type_simple add_to_cart_button ajax_add_to_cart add-to-cart-loop\" data-product_id=\"9850\" data-product_sku=\"10849\" aria-label=\"Ajouter au panier\u00a0: &ldquo;Noisette Bombom 20 Un.&rdquo;\" rel=\"nofollow\" data-success_message=\"\u00ab\u00a0Noisette Bombom 20 Un.\u00a0\u00bb a \u00e9t\u00e9 ajout\u00e9 \u00e0 votre panier\" role=\"button\"><span>Ajouter au panier<\/span><\/a>\t<span id=\"woocommerce_loop_add_to_cart_link_describedby_9850\" class=\"screen-reader-text\">\n\t\t\t<\/span>\n\t<\/div>\n\n\t\n\t\n\t\t<\/div>\n<\/div>\n\t\t\t<\/div>\n\t\t\t<\/div>[\/vc_column][\/vc_row]<\/p>\n<\/div>","protected":false},"excerpt":{"rendered":"<p>[vc_row][vc_column][vc_column_text woodmart_inline=\u00a0\u00bbno\u00a0\u00bb text_larger=\u00a0\u00bbno\u00a0\u00bb]Si c\u2019est pour \u00e9conomiser de l\u2019argent, \u00e9conomisez sur notre s\u00e9lection de produits des meilleures marques et d\u2019excellente qualit\u00e9!<\/p>\n","protected":false},"author":2,"featured_media":0,"parent":0,"menu_order":0,"comment_status":"closed","ping_status":"closed","template":"","meta":{"footnotes":""},"class_list":["post-10431","page","type-page","status-publish","hentry"],"_links":{"self":[{"href":"https:\/\/idream.pt\/fr\/wp-json\/wp\/v2\/pages\/10431","targetHints":{"allow":["GET"]}}],"collection":[{"href":"https:\/\/idream.pt\/fr\/wp-json\/wp\/v2\/pages"}],"about":[{"href":"https:\/\/idream.pt\/fr\/wp-json\/wp\/v2\/types\/page"}],"author":[{"embeddable":true,"href":"https:\/\/idream.pt\/fr\/wp-json\/wp\/v2\/users\/2"}],"replies":[{"embeddable":true,"href":"https:\/\/idream.pt\/fr\/wp-json\/wp\/v2\/comments?post=10431"}],"version-history":[{"count":2,"href":"https:\/\/idream.pt\/fr\/wp-json\/wp\/v2\/pages\/10431\/revisions"}],"predecessor-version":[{"id":10433,"href":"https:\/\/idream.pt\/fr\/wp-json\/wp\/v2\/pages\/10431\/revisions\/10433"}],"wp:attachment":[{"href":"https:\/\/idream.pt\/fr\/wp-json\/wp\/v2\/media?parent=10431"}],"curies":[{"name":"wp","href":"https:\/\/api.w.org\/{rel}","templated":true}]}}