{"id":10598,"date":"2021-11-16T11:08:36","date_gmt":"2021-11-16T11:08:36","guid":{"rendered":"https:\/\/idream.pt\/produto\/pastell-de-nata-grande-85-gr\/"},"modified":"2021-11-16T11:08:36","modified_gmt":"2021-11-16T11:08:36","slug":"pastel-de-nata-grande-2","status":"publish","type":"product","link":"https:\/\/idream.pt\/de\/produto\/pastel-de-nata-grande-2\/","title":{"rendered":"Pastell de Nata Grande 85 gr."},"content":{"rendered":"<p>Bl\u00e4tterteig mit Eiercreme, gro\u00dfe Gr\u00f6\u00dfe. Ultragefrorenes Rohprodukt.<\/p>\n<p>Pastel de Nata Grande von 85 gr mit 40 Einheiten pro Box. Produkt in 15 Minuten zubereitet.<\/p>\n<p>Menge: Box 40 UN<\/p>\n<p><strong>Vorbereitungsmodus<\/strong><\/p>\n<table>\n<tbody>\n<tr>\n<td>Kochtemperatur (\u00baC)<\/td>\n<td>230 \u00b0C<\/td>\n<\/tr>\n<tr>\n<td>Kochzeit (min)<\/td>\n<td>12 Minuten<\/td>\n<\/tr>\n<\/tbody>\n<\/table>\n","protected":false},"excerpt":{"rendered":"<p>Bl\u00e4tterteig mit Eiercreme, gro\u00dfe Gr\u00f6\u00dfe. Ultragefrorenes Rohprodukt.<\/p>\n","protected":false},"featured_media":9764,"comment_status":"open","ping_status":"closed","template":"","meta":[],"product_brand":[],"product_cat":[513],"product_tag":[],"class_list":{"0":"post-10598","1":"product","2":"type-product","3":"status-publish","4":"has-post-thumbnail","6":"product_cat-gefrorenes-geback-2","8":"first","9":"instock","10":"taxable","11":"shipping-taxable","12":"purchasable","13":"product-type-simple"},"_links":{"self":[{"href":"https:\/\/idream.pt\/de\/wp-json\/wp\/v2\/product\/10598","targetHints":{"allow":["GET"]}}],"collection":[{"href":"https:\/\/idream.pt\/de\/wp-json\/wp\/v2\/product"}],"about":[{"href":"https:\/\/idream.pt\/de\/wp-json\/wp\/v2\/types\/product"}],"replies":[{"embeddable":true,"href":"https:\/\/idream.pt\/de\/wp-json\/wp\/v2\/comments?post=10598"}],"wp:featuredmedia":[{"embeddable":true,"href":"https:\/\/idream.pt\/de\/wp-json\/wp\/v2\/media\/9764"}],"wp:attachment":[{"href":"https:\/\/idream.pt\/de\/wp-json\/wp\/v2\/media?parent=10598"}],"wp:term":[{"taxonomy":"product_brand","embeddable":true,"href":"https:\/\/idream.pt\/de\/wp-json\/wp\/v2\/product_brand?post=10598"},{"taxonomy":"product_cat","embeddable":true,"href":"https:\/\/idream.pt\/de\/wp-json\/wp\/v2\/product_cat?post=10598"},{"taxonomy":"product_tag","embeddable":true,"href":"https:\/\/idream.pt\/de\/wp-json\/wp\/v2\/product_tag?post=10598"}],"curies":[{"name":"wp","href":"https:\/\/api.w.org\/{rel}","templated":true}]}}