{"id":10588,"date":"2021-11-16T11:08:39","date_gmt":"2021-11-16T11:08:39","guid":{"rendered":"https:\/\/idream.pt\/produto\/pastell-gemischt-117-gr\/"},"modified":"2021-11-16T11:08:39","modified_gmt":"2021-11-16T11:08:39","slug":"panike-mixed-117-gr","status":"publish","type":"product","link":"https:\/\/idream.pt\/de\/produto\/panike-mixed-117-gr\/","title":{"rendered":"Pastell gemischt 117 gr."},"content":{"rendered":"<p>Halber Bl\u00e4tterteig mit Schinken- und K\u00e4sef\u00fcllung. Ultragefrorenes Produkt.<\/p>\n<p>Panike\u00ae Mixed 117 gr mit 60 Einheiten pro Karton. Produkt, das in 20 Minuten nach der G\u00e4rung zubereitet wird.<\/p>\n<p>Menge: Box 60 UN<\/p>\n<p><strong>Vorbereitungsmodus<\/strong><\/p>\n<table>\n<tbody>\n<tr>\n<td>Fermentationstemperatur (\u00baC)<\/td>\n<td>50\u00b0C<\/td>\n<\/tr>\n<tr>\n<td>Fermentationszeit (min)<\/td>\n<td>30 Minuten<\/td>\n<\/tr>\n<tr>\n<td>Luftfeuchtigkeit (%)<\/td>\n<td>90%<\/td>\n<\/tr>\n<tr>\n<td>B\u00fcrsten mit Ei<\/td>\n<td>Ja<\/td>\n<\/tr>\n<tr>\n<td>Kochtemperatur (\u00baC)<\/td>\n<td>180\u00b0C<\/td>\n<\/tr>\n<tr>\n<td>Kochzeit (min)<\/td>\n<td>20 Minuten<\/td>\n<\/tr>\n<\/tbody>\n<\/table>\n","protected":false},"excerpt":{"rendered":"<p>Halber Bl\u00e4tterteig mit Schinken- und K\u00e4sef\u00fcllung. Ultragefrorenes Produkt.<\/p>\n","protected":false},"featured_media":9760,"comment_status":"open","ping_status":"closed","template":"","meta":[],"product_brand":[],"product_cat":[490],"product_tag":[],"class_list":{"0":"post-10588","1":"product","2":"type-product","3":"status-publish","4":"has-post-thumbnail","6":"product_cat-tiefkuhlbackerei","8":"first","9":"instock","10":"taxable","11":"shipping-taxable","12":"purchasable","13":"product-type-simple"},"_links":{"self":[{"href":"https:\/\/idream.pt\/de\/wp-json\/wp\/v2\/product\/10588","targetHints":{"allow":["GET"]}}],"collection":[{"href":"https:\/\/idream.pt\/de\/wp-json\/wp\/v2\/product"}],"about":[{"href":"https:\/\/idream.pt\/de\/wp-json\/wp\/v2\/types\/product"}],"replies":[{"embeddable":true,"href":"https:\/\/idream.pt\/de\/wp-json\/wp\/v2\/comments?post=10588"}],"wp:featuredmedia":[{"embeddable":true,"href":"https:\/\/idream.pt\/de\/wp-json\/wp\/v2\/media\/9760"}],"wp:attachment":[{"href":"https:\/\/idream.pt\/de\/wp-json\/wp\/v2\/media?parent=10588"}],"wp:term":[{"taxonomy":"product_brand","embeddable":true,"href":"https:\/\/idream.pt\/de\/wp-json\/wp\/v2\/product_brand?post=10588"},{"taxonomy":"product_cat","embeddable":true,"href":"https:\/\/idream.pt\/de\/wp-json\/wp\/v2\/product_cat?post=10588"},{"taxonomy":"product_tag","embeddable":true,"href":"https:\/\/idream.pt\/de\/wp-json\/wp\/v2\/product_tag?post=10588"}],"curies":[{"name":"wp","href":"https:\/\/api.w.org\/{rel}","templated":true}]}}