{"id":10548,"date":"2021-11-16T11:08:40","date_gmt":"2021-11-16T11:08:40","guid":{"rendered":"https:\/\/idream.pt\/produto\/pastell-misto-mit-carne-173-gr\/"},"modified":"2021-11-16T11:08:40","modified_gmt":"2021-11-16T11:08:40","slug":"puff-gemischtes-c-fleisch-c35-173-gr","status":"publish","type":"product","link":"https:\/\/idream.pt\/de\/produto\/puff-gemischtes-c-fleisch-c35-173-gr\/","title":{"rendered":"Pastell Misto mit Carne 173 gr."},"content":{"rendered":"<p>Halber Bl\u00e4tterteig mit M\u00fcslibelag und Fleisch-, Schinken- und K\u00e4sef\u00fcllung. Ultragefrorenes Produkt.<\/p>\n<p>Panike\u00ae C35 von 173 gr mit 35 Einheiten pro Karton. Produkt in 15 Minuten nach der G\u00e4rung zubereitet.<\/p>\n<p>Menge: Box 35 UN<\/p>\n<p><strong>Vorbereitungsmodus<\/strong><\/p>\n<table>\n<tbody>\n<tr>\n<td>Fermentationstemperatur (\u00baC)<\/td>\n<td>50\u00b0C<\/td>\n<\/tr>\n<tr>\n<td>Fermentationszeit (min)<\/td>\n<td>30 Minuten<\/td>\n<\/tr>\n<tr>\n<td>Luftfeuchtigkeit (%)<\/td>\n<td>90%<\/td>\n<\/tr>\n<tr>\n<td>B\u00fcrsten mit Ei<\/td>\n<td>Ja<\/td>\n<\/tr>\n<tr>\n<td>Kochtemperatur (\u00baC)<\/td>\n<td>180\u00b0C<\/td>\n<\/tr>\n<tr>\n<td>Kochzeit (min)<\/td>\n<td>15 Minuten<\/td>\n<\/tr>\n<\/tbody>\n<\/table>\n","protected":false},"excerpt":{"rendered":"<p>Halber Bl\u00e4tterteig mit M\u00fcslibelag und Fleisch-, Schinken- und K\u00e4sef\u00fcllung. Ultragefrorenes Produkt.<\/p>\n","protected":false},"featured_media":9739,"comment_status":"open","ping_status":"closed","template":"","meta":[],"product_brand":[],"product_cat":[513],"product_tag":[],"class_list":{"0":"post-10548","1":"product","2":"type-product","3":"status-publish","4":"has-post-thumbnail","6":"product_cat-gefrorenes-geback-2","8":"first","9":"instock","10":"taxable","11":"shipping-taxable","12":"purchasable","13":"product-type-simple"},"_links":{"self":[{"href":"https:\/\/idream.pt\/de\/wp-json\/wp\/v2\/product\/10548","targetHints":{"allow":["GET"]}}],"collection":[{"href":"https:\/\/idream.pt\/de\/wp-json\/wp\/v2\/product"}],"about":[{"href":"https:\/\/idream.pt\/de\/wp-json\/wp\/v2\/types\/product"}],"replies":[{"embeddable":true,"href":"https:\/\/idream.pt\/de\/wp-json\/wp\/v2\/comments?post=10548"}],"wp:featuredmedia":[{"embeddable":true,"href":"https:\/\/idream.pt\/de\/wp-json\/wp\/v2\/media\/9739"}],"wp:attachment":[{"href":"https:\/\/idream.pt\/de\/wp-json\/wp\/v2\/media?parent=10548"}],"wp:term":[{"taxonomy":"product_brand","embeddable":true,"href":"https:\/\/idream.pt\/de\/wp-json\/wp\/v2\/product_brand?post=10548"},{"taxonomy":"product_cat","embeddable":true,"href":"https:\/\/idream.pt\/de\/wp-json\/wp\/v2\/product_cat?post=10548"},{"taxonomy":"product_tag","embeddable":true,"href":"https:\/\/idream.pt\/de\/wp-json\/wp\/v2\/product_tag?post=10548"}],"curies":[{"name":"wp","href":"https:\/\/api.w.org\/{rel}","templated":true}]}}