{"id":10535,"date":"2021-11-16T11:08:42","date_gmt":"2021-11-16T11:08:42","guid":{"rendered":"https:\/\/idream.pt\/produto\/blaetterteig-teller-550-gr\/"},"modified":"2021-11-16T11:08:42","modified_gmt":"2021-11-16T11:08:42","slug":"blatterteig-550-gr","status":"publish","type":"product","link":"https:\/\/idream.pt\/de\/produto\/blatterteig-550-gr\/","title":{"rendered":"Bl\u00e4tterteig &#8211; Teller 550 gr."},"content":{"rendered":"<p>Roher Bl\u00e4tterteig. Ultragefrorenes Produkt.<\/p>\n<p>Bl\u00e4tterteig, ideal f\u00fcr die Herstellung Ihrer Produkte. Verleihen Sie Ihrer Fantasie Fl\u00fcgel und machen Sie Ihre Lieblingsgerichte mit Hilfe dieses gebrauchsfertigen Bl\u00e4tterteigs. Ideal f\u00fcr s\u00fc\u00dfe und herzhafte Gerichte. F\u00fcr Desserts empfehlen wir, ein paar Palmiers, einen Apfelstrudel oder einen k\u00f6stlichen Erdbeerkuchen zuzubereiten. F\u00fcr herzhafte Optionen empfehlen wir ein Fleischbr\u00f6tchen oder Filet, das mit Bl\u00e4tterteig, H\u00fchnerpasteten, Quiches oder einem Kabeljaukuchen umwickelt ist. Der schwierige Teil wird sein, Widerstand zu leisten und bei einer Option zu bleiben. Verbringen Sie Familienmomente der Entdeckung und Erfindung in der K\u00fcche.<\/p>\n<p>Menge: Box 20 UN<\/p>\n<p><strong>Vorbereitungsmodus<\/strong><\/p>\n<table>\n<tbody>\n<tr>\n<td>Abtauzeit (min)<\/td>\n<td>30 Minuten<\/td>\n<\/tr>\n<tr>\n<td>Kochtemperatur (\u00baC)<\/td>\n<td>200\u00b0C<\/td>\n<\/tr>\n<tr>\n<td>Kochzeit (min)<\/td>\n<td>20 Minuten<\/td>\n<\/tr>\n<\/tbody>\n<\/table>\n","protected":false},"excerpt":{"rendered":"<p>Roher Bl\u00e4tterteig. Ultragefrorenes Produkt.<\/p>\n","protected":false},"featured_media":9727,"comment_status":"open","ping_status":"closed","template":"","meta":[],"product_brand":[],"product_cat":[513],"product_tag":[],"class_list":{"0":"post-10535","1":"product","2":"type-product","3":"status-publish","4":"has-post-thumbnail","6":"product_cat-gefrorenes-geback-2","8":"first","9":"instock","10":"taxable","11":"shipping-taxable","12":"purchasable","13":"product-type-simple"},"_links":{"self":[{"href":"https:\/\/idream.pt\/de\/wp-json\/wp\/v2\/product\/10535","targetHints":{"allow":["GET"]}}],"collection":[{"href":"https:\/\/idream.pt\/de\/wp-json\/wp\/v2\/product"}],"about":[{"href":"https:\/\/idream.pt\/de\/wp-json\/wp\/v2\/types\/product"}],"replies":[{"embeddable":true,"href":"https:\/\/idream.pt\/de\/wp-json\/wp\/v2\/comments?post=10535"}],"wp:featuredmedia":[{"embeddable":true,"href":"https:\/\/idream.pt\/de\/wp-json\/wp\/v2\/media\/9727"}],"wp:attachment":[{"href":"https:\/\/idream.pt\/de\/wp-json\/wp\/v2\/media?parent=10535"}],"wp:term":[{"taxonomy":"product_brand","embeddable":true,"href":"https:\/\/idream.pt\/de\/wp-json\/wp\/v2\/product_brand?post=10535"},{"taxonomy":"product_cat","embeddable":true,"href":"https:\/\/idream.pt\/de\/wp-json\/wp\/v2\/product_cat?post=10535"},{"taxonomy":"product_tag","embeddable":true,"href":"https:\/\/idream.pt\/de\/wp-json\/wp\/v2\/product_tag?post=10535"}],"curies":[{"name":"wp","href":"https:\/\/api.w.org\/{rel}","templated":true}]}}