{"id":10530,"date":"2021-11-16T11:08:43","date_gmt":"2021-11-16T11:08:43","guid":{"rendered":"https:\/\/idream.pt\/produto\/puffwurst-mit-kaese-125-gr\/"},"modified":"2021-11-16T11:08:43","modified_gmt":"2021-11-16T11:08:43","slug":"puffwurst-mit-kase-125-gr","status":"publish","type":"product","link":"https:\/\/idream.pt\/de\/produto\/puffwurst-mit-kase-125-gr\/","title":{"rendered":"Puffwurst mit K\u00e4se 125 gr."},"content":{"rendered":"<p>Bl\u00e4tterteig mit Wurst- und K\u00e4sef\u00fcllung. Ultragefrorenes Produkt.<\/p>\n<p>Wurstpuff mit K\u00e4se von 125 gr mit 50 Einheiten pro Box. Produkt in 20 Minuten nach dem Auftauen zubereitet.<\/p>\n<p>Menge: Box 50 UN<\/p>\n<p><strong>Vorbereitungsmodus<\/strong><\/p>\n<table>\n<tbody>\n<tr>\n<td>Abtauzeit (min)<\/td>\n<td>20 Minuten<\/td>\n<\/tr>\n<tr>\n<td>B\u00fcrsten mit Ei<\/td>\n<td>Bereits mit Ei bestrichen<\/td>\n<\/tr>\n<tr>\n<td>Kochtemperatur (\u00baC)<\/td>\n<td>200\u00b0C<\/td>\n<\/tr>\n<tr>\n<td>Kochzeit (min)<\/td>\n<td>20 Minuten<\/td>\n<\/tr>\n<\/tbody>\n<\/table>\n","protected":false},"excerpt":{"rendered":"<p>Bl\u00e4tterteig mit Wurst- und K\u00e4sef\u00fcllung. Ultragefrorenes Produkt.<\/p>\n","protected":false},"featured_media":9703,"comment_status":"open","ping_status":"closed","template":"","meta":[],"product_brand":[],"product_cat":[513],"product_tag":[],"class_list":{"0":"post-10530","1":"product","2":"type-product","3":"status-publish","4":"has-post-thumbnail","6":"product_cat-gefrorenes-geback-2","8":"first","9":"instock","10":"taxable","11":"shipping-taxable","12":"purchasable","13":"product-type-simple"},"_links":{"self":[{"href":"https:\/\/idream.pt\/de\/wp-json\/wp\/v2\/product\/10530","targetHints":{"allow":["GET"]}}],"collection":[{"href":"https:\/\/idream.pt\/de\/wp-json\/wp\/v2\/product"}],"about":[{"href":"https:\/\/idream.pt\/de\/wp-json\/wp\/v2\/types\/product"}],"replies":[{"embeddable":true,"href":"https:\/\/idream.pt\/de\/wp-json\/wp\/v2\/comments?post=10530"}],"wp:featuredmedia":[{"embeddable":true,"href":"https:\/\/idream.pt\/de\/wp-json\/wp\/v2\/media\/9703"}],"wp:attachment":[{"href":"https:\/\/idream.pt\/de\/wp-json\/wp\/v2\/media?parent=10530"}],"wp:term":[{"taxonomy":"product_brand","embeddable":true,"href":"https:\/\/idream.pt\/de\/wp-json\/wp\/v2\/product_brand?post=10530"},{"taxonomy":"product_cat","embeddable":true,"href":"https:\/\/idream.pt\/de\/wp-json\/wp\/v2\/product_cat?post=10530"},{"taxonomy":"product_tag","embeddable":true,"href":"https:\/\/idream.pt\/de\/wp-json\/wp\/v2\/product_tag?post=10530"}],"curies":[{"name":"wp","href":"https:\/\/api.w.org\/{rel}","templated":true}]}}