{"id":11617,"date":"2021-12-09T09:35:00","date_gmt":"2021-12-09T09:35:00","guid":{"rendered":"https:\/\/idream.pt\/cookie-richtlinien\/"},"modified":"2022-03-03T14:26:33","modified_gmt":"2022-03-03T14:26:33","slug":"cookie-richtlinien","status":"publish","type":"page","link":"https:\/\/idream.pt\/de\/cookie-richtlinien\/","title":{"rendered":"Cookie-Richtlinien"},"content":{"rendered":"<div class=\"wpb-content-wrapper\"><p>[vc_row][vc_column]\n\t\t<div id=\"wd-61b1cdf23c657\" class=\"title-wrapper wd-wpb wd-set-mb reset-last-child  wd-rs-61b1cdf23c657 wd-title-color-default wd-title-style-default text-left  wd-underline-colored\">\n\t\t\t\n\t\t\t<div class=\"liner-continer\">\n\t\t\t\t<h1 class=\"woodmart-title-container title  wd-font-weight- wd-fontsize-xxl\" >Cookie-Richtlinien<\/h1>\n\t\t\t\t\t\t\t<\/div>\n\t\t\t\n\t\t\t\n\t\t\t\n\t\t<\/div>\n\t\t\n\t\t[vc_column_text woodmart_inline=&#8220;no&#8220; text_larger=&#8220;no&#8220;]<\/p>\n<h3>\u00dcber diese Cookie-Richtlinie<\/h3>\n<p>Diese Cookie-Richtlinie erl\u00e4utert, was Cookies sind und wie wir sie verwenden, welche Arten von Cookies wir verwenden, d.h. welche Informationen wir mithilfe von Cookies sammeln und wie diese Informationen verwendet werden und wie Sie die Cookie-Pr\u00e4ferenzen kontrollieren k\u00f6nnen.<\/p>\n<p>Weitere Informationen dar\u00fcber, wie wir Ihre personenbezogenen Daten verwenden, speichern und pflegen, finden Sie in unserer <a href=\"https:\/\/idream.pt\/de\/datenschutzrichtlinie\/\" target=\"_blank\" rel=\"noopener\">Datenschutzerkl\u00e4rung<\/a>.<\/p>\n<p>Sie k\u00f6nnen Ihre Zustimmung zur Verwendung von Cookies auf unserer Website jederzeit \u00e4ndern oder widerrufen.<\/p>\n<p>Erfahren Sie mehr dar\u00fcber, wer wir sind, wie Sie uns kontaktieren k\u00f6nnen und wie wir Ihre personenbezogenen Daten verarbeiten, in <a href=\"https:\/\/idream.pt\/de\/datenschutzrichtlinie\/\" target=\"_blank\" rel=\"noopener\">unserer Datenschutzerkl\u00e4rung<\/a>.<\/p>\n<p>Ihre Einwilligung gilt f\u00fcr folgende Domain: <strong>www.idream.pt<\/strong><\/p>\n<div class=\"cli_user_consent_state\">Dein aktueller Status: Keine Einwilligung erteilt. <a class=\"cli_manage_current_consent\" style=\"cursor:pointer;text-decoration:underline;\">Verwalte deine Einwilligung<\/a> <\/div>\n<h3>Was ist ein Cookie?<\/h3>\n<p>Cookies sind Dateien oder Textdateien, die kleine Mengen an Informationen enthalten, die heruntergeladen und \u00fcber Ihren Browser auf Ihrem Ger\u00e4t gespeichert werden, wenn Sie eine Webseite besuchen.<\/p>\n<p>Cookies k\u00f6nnen nach dem Zweck kategorisiert werden, dem sie dienen. Es gibt Cookies, die f\u00fcr den Betrieb der Website unbedingt erforderlich sind, w\u00e4hrend andere statistische Informationen sammeln, um die Nutzung der Website und ihre Leistung zu analysieren oder um die Verf\u00fcgbarkeit zus\u00e4tzlicher Funktionen f\u00fcr die Website sicherzustellen oder die Pr\u00e4ferenzen des Besuchers in Bezug auf die Navigation auf der Website zu speichern, wenn sie dasselbe Ger\u00e4t verwenden. Andere Cookies k\u00f6nnen auch dazu dienen, den Erfolg von Anwendungen und die Wirksamkeit von Werbung Dritter zu messen.<\/p>\n<p>Cookies sind f\u00fcr das Funktionieren des Internets unerl\u00e4sslich; besch\u00e4digen Sie Ihr Ger\u00e4t oder Ihr Ger\u00e4t nicht und helfen Sie, falls in Ihrer Browserkonfiguration aktiviert, m\u00f6gliche Fehler beim Betrieb der Website zu identifizieren und zu beheben.<\/p>\n<h3>Warum Cookies verwenden?<\/h3>\n<p>Das Hauptziel ist es, die Navigation zu vereinfachen und dem Benutzer eine bessere Nutzung der Website zu erm\u00f6glichen. Zu diesem Zweck wird der Benutzer bei jedem Zugriff auf die Website erkannt, wodurch die Wiederholte Eingabe derselben Informationen entf\u00e4llt und somit eine schnellere, effizientere und qualitativ bessere Navigation erm\u00f6glicht wird. Die durch Cookies gesammelten Informationen erm\u00f6glichen es iDream auch, Ihre Website zu verbessern.<\/p>\n<p><strong>Unsere Cookies haben verschiedene Funktionen:<\/strong><\/p>\n<ul>\n<li><strong>Notwendige (wesentliche) Cookies<\/strong>: Einige Cookies sind f\u00fcr den Zugriff auf bestimmte Bereiche unserer Website unerl\u00e4sslich. Sie erm\u00f6glichen es Ihnen, auf der Website zu navigieren und Ihre Anwendungen zu verwenden, z. B. den Zugriff auf sichere Bereiche der Website \u00fcber die Anmeldung. Ohne diese Cookies k\u00f6nnen die Dienste, die dies erfordern, nicht bereitgestellt werden.<\/li>\n<li><strong>Analytische Cookies<\/strong>: Wir verwenden diese Cookies, um zu analysieren, wie Benutzer die Website nutzen und ihre Leistung zu \u00fcberwachen. Dies erm\u00f6glicht es uns, eine qualitativ hochwertige Erfahrung zu bieten, indem wir unser Angebot anpassen und auftretende Probleme schnell identifizieren und beheben. Zum Beispiel verwenden wir Performance-Cookies, um herauszufinden, welche Seiten am beliebtesten sind, welche Seitenverkn\u00fcpfungsmethode am effektivsten ist oder um festzustellen, warum einige Seiten Fehlermeldungen erhalten. Basierend auf der Nutzung der Website k\u00f6nnen wir diese Cookies auch verwenden, um Artikel oder Dienste der Website hervorzuheben, von denen wir glauben, dass sie f\u00fcr die Benutzer von Interesse sein k\u00f6nnten. Diese Cookies werden nur zum Zwecke der statistischen Erstellung und Analyse verwendet, ohne jemals personenbezogene Daten zu sammeln.<\/li>\n<li><strong>Funktionale Cookies: Wir<\/strong> verwenden Funktions-Cookies, damit wir uns an Ihre Pr\u00e4ferenzen erinnern k\u00f6nnen. Zum Beispiel merken sich Cookies die ausgew\u00e4hlte Sprache und vermeiden so die Notwendigkeit, die Sprache jedes Mal zu w\u00e4hlen, wenn Sie eine Seite \u00f6ffnen oder auf die Website zugreifen.<\/li>\n<\/ul>\n<h3><strong>Verwendung von Cookies durch iDream<\/strong><\/h3>\n<p>A tabela abaixo explica de que forma utilizamos cookies no nosso website.<\/p><table class=\"cookielawinfo-row-cat-table cookielawinfo-classic\"><thead><tr><th class=\"cookielawinfo-column-1\">Cookie<\/th><th class=\"cookielawinfo-column-4\">Beschreibung<\/th><\/tr><\/thead><tbody><tr class=\"cookielawinfo-row\"><td class=\"cookielawinfo-column-1\">cookielawinfo-checkbox-analytics<\/td><td class=\"cookielawinfo-column-4\">Dieses Cookie wird vom GDPR Cookie Consent Plugin gesetzt. Das Cookie wird verwendet, um die Einwilligung des Nutzers f\u00fcr die Cookies in der Kategorie \"Analytics\" zu speichern.<\/td><\/tr><tr class=\"cookielawinfo-row\"><td class=\"cookielawinfo-column-1\">cookielawinfo-checkbox-andere<\/td><td class=\"cookielawinfo-column-4\">Dieses Cookie wird vom GDPR Cookie Consent Plugin gesetzt. Das Cookie wird verwendet, um die Zustimmung des Nutzers f\u00fcr die Cookies in der Kategorie \"Sonstiges\" zu speichern.<\/td><\/tr><tr class=\"cookielawinfo-row\"><td class=\"cookielawinfo-column-1\">cookielawinfo-checkbox-funktional<\/td><td class=\"cookielawinfo-column-4\">Das Cookie wird durch die DSGVO-Cookie-Einwilligung gesetzt, um die Einwilligung des Nutzers f\u00fcr die Cookies in der Kategorie \"Funktional\" aufzuzeichnen.<\/td><\/tr><tr class=\"cookielawinfo-row\"><td class=\"cookielawinfo-column-1\">cookielawinfo-checkbox-notwendig<\/td><td class=\"cookielawinfo-column-4\">Dieses Cookie wird vom GDPR Cookie Consent Plugin gesetzt. Die Cookies werden verwendet, um die Zustimmung des Benutzers f\u00fcr die Cookies in der Kategorie \"Notwendig\" zu speichern.<\/td><\/tr><tr class=\"cookielawinfo-row\"><td class=\"cookielawinfo-column-1\">cookielawinfo-checkbox-performance<\/td><td class=\"cookielawinfo-column-4\">Dieses Cookie wird vom GDPR Cookie Consent Plugin gesetzt. Das Cookie wird verwendet, um die Einwilligung des Nutzers f\u00fcr die Cookies in der Kategorie \"Leistung\" zu speichern.<\/td><\/tr><tr class=\"cookielawinfo-row\"><td class=\"cookielawinfo-column-1\">viewed_cookie_policy<\/td><td class=\"cookielawinfo-column-4\">Das Cookie wird vom GDPR Cookie Consent Plugin gesetzt und wird verwendet, um zu speichern, ob der Benutzer der Verwendung von Cookies zugestimmt hat oder nicht. Es werden keine personenbezogenen Daten gespeichert.<\/td><\/tr><tr class=\"cookielawinfo-row\"><td class=\"cookielawinfo-column-1\">woodmart_wishlist_count<\/td><td class=\"cookielawinfo-column-4\">Keine Beschreibung<\/td><\/tr><\/tbody><\/table>\n<h3><strong>Ist es m\u00f6glich, die Verwendung von Cookies zu deaktivieren?<\/strong><\/h3>\n<p>Ja, Cookies k\u00f6nnen in Ihrem Browser deaktiviert werden. Sie k\u00f6nnen jedoch vorhandene Cookies \u00fcber Ihren Browser steuern und verwalten (siehe unten). Bitte beachten Sie, dass das Entfernen oder Blockieren von Cookies Ihre Benutzererfahrung sowie einige Funktionen, die m\u00f6glicherweise nicht mehr verf\u00fcgbar sind, beeintr\u00e4chtigen kann.<\/p>\n<h3><strong>Verwenden Sie Ihren Browser, um Cookies zu steuern<\/strong><\/h3>\n<p>Die meisten Browser erm\u00f6glichen es Ihnen, Cookies auf einer Website anzuzeigen, zu kontrollieren, zu l\u00f6schen und zu blockieren. Bitte beachten Sie jedoch, dass, wenn Sie alle vorhandenen Cookies l\u00f6schen, alle von Ihnen festgelegten Pr\u00e4ferenzen verloren gehen, einschlie\u00dflich der M\u00f6glichkeit, zuk\u00fcnftige Cookies zu l\u00f6schen, da es sich um eine Funktion handelt, die selbst ein Cookie f\u00fcr diesen Zweck auf Ihrem Ger\u00e4t erfordert. Eine Anleitung zur Steuerung von Cookies f\u00fcr Standardbrowser finden Sie unter dem folgenden Link.<\/p>\n<ul>\n<li><a href=\"https:\/\/support.google.com\/chrome\/answer\/95647?co=GENIE.Platform%3DDesktop&amp;hl=en\" target=\"_blank\" rel=\"nofollow noopener\">Google Chrome<\/a><\/li>\n<li><a href=\"https:\/\/support.mozilla.org\/en-US\/kb\/enable-and-disable-cookies-website-preferences\" target=\"_blank\" rel=\"noopener\">Mozilla Firefox<\/a><\/li>\n<li><a href=\"https:\/\/support.apple.com\/en-us\/HT201265\" target=\"_blank\" rel=\"nofollow noopener\">MacOS Safari<\/a><\/li>\n<li><a href=\"https:\/\/support.microsoft.com\/en-us\/help\/17442\/windows-internet-explorer-delete-manage-cookies\" target=\"_blank\" rel=\"nofollow noopener\">Microsoft Internet Explorer  <\/a><\/li>\n<\/ul>\n<p>Weitere Informationen zu anderen Browsern und Ger\u00e4tetypen finden Sie <a href=\"http:\/\/www.aboutcookies.org\/\" target=\"_blank\" rel=\"nofollow noopener\">unter http:\/\/www.aboutcookies.org\/<\/a> oder <a href=\"http:\/\/www.cookiecentral.com\/faq\/\" target=\"_blank\" rel=\"nofollow noopener\">http:\/\/www.cookiecentral.com\/faq\/<\/a>.<\/p>\n<h3>Analytische Cookies verwalten<\/h3>\n<p>Ihr Browser zeichnet den Verlauf Ihrer Standardbesuche auf, die anonymisiert sind. Sie k\u00f6nnen sich daf\u00fcr entscheiden, Dass Ihr Browserverlauf f\u00fcr unsere Websites oder Anwendungen, f\u00fcr die analytische Cookies existieren, nicht anonymisiert wird. Wir stehen in Beziehung zu den folgenden Anbietern dieser Art von Dienstleistungen, \u00fcber die Sie \u00fcber den folgenden Link mehr \u00fcber deren Datenschutzrichtlinien erfahren k\u00f6nnen und wie Sie sich entscheiden k\u00f6nnen, nicht ihren analytischen Cookies zu unterliegen:<\/p>\n<ul>\n<li><a href=\"http:\/\/www.adobe.com\/privacy\/opt-out.html\" target=\"_blank\" rel=\"nofollow noopener\">Google Analytics<\/a><\/li>\n<\/ul>\n<h3>Weitere Informationen<\/h3>\n<p>Wenn Sie sich entscheiden, Ihre Einstellungen w\u00e4hrend Ihrer Browsersitzung zu \u00e4ndern, k\u00f6nnen Sie auf den Link &#8222;Ihre Zustimmung verwalten&#8220; am Anfang dieser Seite klicken. Dadurch wird die Einwilligungsmitteilung erneut angezeigt, sodass Sie Ihre Pr\u00e4ferenzen \u00e4ndern oder Ihre Einwilligung vollst\u00e4ndig widerrufen k\u00f6nnen.[\/vc_column_text][\/vc_column][\/vc_row]<\/p>\n<\/div>","protected":false},"excerpt":{"rendered":"<p>[vc_row][vc_column][vc_column_text woodmart_inline=&#8220;no&#8220; text_larger=&#8220;no&#8220;] \u00dcber diese Cookie-Richtlinie Diese Cookie-Richtlinie erl\u00e4utert, was Cookies sind und wie wir sie verwenden, welche Arten von<\/p>\n","protected":false},"author":2,"featured_media":0,"parent":0,"menu_order":0,"comment_status":"closed","ping_status":"closed","template":"","meta":{"footnotes":""},"class_list":["post-11617","page","type-page","status-publish","hentry"],"_links":{"self":[{"href":"https:\/\/idream.pt\/de\/wp-json\/wp\/v2\/pages\/11617","targetHints":{"allow":["GET"]}}],"collection":[{"href":"https:\/\/idream.pt\/de\/wp-json\/wp\/v2\/pages"}],"about":[{"href":"https:\/\/idream.pt\/de\/wp-json\/wp\/v2\/types\/page"}],"author":[{"embeddable":true,"href":"https:\/\/idream.pt\/de\/wp-json\/wp\/v2\/users\/2"}],"replies":[{"embeddable":true,"href":"https:\/\/idream.pt\/de\/wp-json\/wp\/v2\/comments?post=11617"}],"version-history":[{"count":2,"href":"https:\/\/idream.pt\/de\/wp-json\/wp\/v2\/pages\/11617\/revisions"}],"predecessor-version":[{"id":11619,"href":"https:\/\/idream.pt\/de\/wp-json\/wp\/v2\/pages\/11617\/revisions\/11619"}],"wp:attachment":[{"href":"https:\/\/idream.pt\/de\/wp-json\/wp\/v2\/media?parent=11617"}],"curies":[{"name":"wp","href":"https:\/\/api.w.org\/{rel}","templated":true}]}}