{"id":10479,"date":"2021-11-11T09:13:24","date_gmt":"2021-11-11T09:13:24","guid":{"rendered":"https:\/\/idream.pt\/datenschutzrichtlinie\/"},"modified":"2022-02-28T15:20:46","modified_gmt":"2022-02-28T15:20:46","slug":"datenschutzrichtlinie","status":"publish","type":"page","link":"https:\/\/idream.pt\/de\/datenschutzrichtlinie\/","title":{"rendered":"Datenschutzrichtlinie"},"content":{"rendered":"<div class=\"wpb-content-wrapper\"><p>[vc_row][vc_column]\n\t\t<div id=\"wd-61b1d347a0c71\" class=\"title-wrapper wd-wpb wd-set-mb reset-last-child  wd-rs-61b1d347a0c71 wd-title-color-default wd-title-style-default text-left  wd-underline-colored\">\n\t\t\t\n\t\t\t<div class=\"liner-continer\">\n\t\t\t\t<h1 class=\"woodmart-title-container title  wd-font-weight- wd-fontsize-xxl\" >Dienstleistungspolitik und Allgemeine Gesch\u00e4ftsbedingungen<\/h1>\n\t\t\t\t\t\t\t<\/div>\n\t\t\t\n\t\t\t\n\t\t\t\n\t\t<\/div>\n\t\t\n\t\t[vc_column_text woodmart_inline=&#8220;no&#8220; text_larger=&#8220;no&#8220;]<\/p>\n<h3>Allgemeiner Anwendungsbereich<\/h3>\n<p>iDream verpflichtet sich, die Informationen und die Privatsph\u00e4re seiner Kunden zu sch\u00fctzen und zu gew\u00e4hrleisten. Diese Datenschutzerkl\u00e4rung soll die allgemeinen Datenschutzbestimmungen und Bedingungen f\u00fcr die Verarbeitung der von uns erhobenen Daten unter strikter Einhaltung und Einhaltung der geltenden Rechtsvorschriften in diesem Bereich, einschlie\u00dflich der Verordnung (EU) 2016\/679 des Europ\u00e4ischen Parlaments und des Rates vom 27. April 2016 (&#8222;Datenschutz-Grundverordnung&#8220; oder &#8222;DSGVO&#8220;), bekannt machen.<\/p>\n<h3>Verantwortlich f\u00fcr die Verarbeitung personenbezogener Daten<\/h3>\n<p><strong>iDream Unipersonal Lda.<\/strong><\/p>\n<p><strong>Telefon<\/strong>: +351 289 401 030<br \/>\n<strong>E-Mail-Adresse<\/strong>: geral@idream.pt<br \/>\n<strong>Modara:<\/strong> Rua Assis Esperan\u00e7a N\u00ba5, 8100-543 Loul\u00e9<br \/>\n<strong>NIPC:<\/strong> 510 232 493<br \/>\n<strong>Webseite: <\/strong>https:\/\/www.idream.pt\/<\/p>\n<h3>1. Erhebung und Verarbeitung personenbezogener Daten<\/h3>\n<p>Diese Datenschutzrichtlinie gilt f\u00fcr alle personenbezogenen Daten, die von iDream in Papierform und\/oder in digitalen Formaten erfasst und gespeichert werden.<\/p>\n<p>Die vom Eigent\u00fcmer freiwillig zur Verf\u00fcgung gestellten personenbezogenen Daten, deren Verarbeitung eine vertragliche und\/oder gesetzliche Verpflichtung von iDream ist, werden von Mitarbeitern oder Subunternehmern, die zu diesem Zweck ordnungsgem\u00e4\u00df autorisiert sind, vertraulich behandelt und m\u00fcssen den spezifischen Anweisungen von iDream folgen.<\/p>\n<p>Ihre Daten k\u00f6nnen direkt oder telefonisch erhoben werden, wenn Sie eine Anfrage nach Informationen oder Dienstleistungen stellen, durch das \u00d6ffnen eines Kundenformulars, mit der Erstellung einer Prozessnummer, die das Formular identifiziert, wenn Sie eines der auf unserer Website verf\u00fcgbaren Kontaktformulare besuchen oder verwenden, f\u00fcr Informationsanfragen oder Anfragen nach Budget und Dienstleistungen.<\/p>\n<p><strong>Die personenbezogenen Daten, die wir sammeln, sind:<\/strong><\/p>\n<ul>\n<li>Vollst\u00e4ndiger Name;<\/li>\n<li>E-Mail-Adresse<\/li>\n<li>Telefonnummer;<\/li>\n<li>Anschrift;<\/li>\n<li>Steuernummer;<\/li>\n<li>Kreditkartendaten &#8211; Name des Karteninhabers, Kartennummer, G\u00fcltigkeit und Sicherheitscode &#8211; wenn Sie mit Kreditkarte bezahlen;<\/li>\n<li>Andere zus\u00e4tzliche Informationen, die nicht als pers\u00f6nlich eingestuft werden.<\/li>\n<\/ul>\n<p>Bei der Navigation auf der Website muss der Benutzer, wann immer es notwendig ist, personenbezogene Daten zu identifizieren und zu sammeln, ihre Erhebung durch Autorisierungsmechanismen genehmigen, die von Fall zu Fall variieren k\u00f6nnen, aber in ihrem Zweck klar und intuitiv in Bezug auf die Verwendung sind. Zum Beispiel wird es in einem Kontaktformular ein K\u00e4stchen geben, auf das der Benutzer klicken muss, um anzugeben, dass er die Erhebung und Verarbeitung der im Formular eingegebenen personenbezogenen Daten und den sp\u00e4teren Kontakt durch iDream genehmigt. Sie sollten jedoch klarstellen, dass Sie ohne Genehmigung der Verarbeitung der Daten nicht in der Lage sein werden, Ihre Nachricht zu senden und iDream \u00fcber die Website zu kontaktieren.<\/p>\n<p>Die Verarbeitung personenbezogener Daten, sobald sie autorisiert ist, erfolgt in \u00dcbereinstimmung mit dieser Datenschutzrichtlinie, und Ihre Genehmigung muss davon ausgehen, dass sie gelesen und verstanden wurde, sowie die Nutzungsbedingungen der Website.<\/p>\n<h3>2. Zwecke und Kategorien der Datenerhebung<\/h3>\n<p>Klagegr\u00fcnde (Art. 6 Abs. 1 lit. b, c, d und f dsgvo): Die Verarbeitung ist zur Erbringung der Dienstleistung, deren Vertragspartei die betroffene Person ist, oder zur vorvertraglichen Sorgfaltspflicht auf Antrag der betroffenen Person erforderlich; Einhaltung gesetzlicher Verpflichtungen, denen iDream unterliegt; zur Verteidigung der lebenswichtigen Interessen der betroffenen Person; berechtigte Interessen, die von iDream verfolgt werden.<\/p>\n<p>In Bezug auf die Verarbeitung von Daten, die von iDream im Rahmen der Einhaltung gesetzlicher Verpflichtungen durchgef\u00fchrt wird, ist die Grundlage der Rechtm\u00e4\u00dfigkeit f\u00fcr die Durchf\u00fchrung einer solchen Verarbeitung \u2013 meist Datenkommunikation an externe Stellen \u2013 die Notwendigkeit der Verarbeitung zum Zwecke der Einhaltung dieser gesetzlichen Verpflichtungen durch den Verantwortlichen.<\/p>\n<p>Daher erheben wir Ihre Daten, um:<\/p>\n<ul>\n<li><strong>Auftragsabwicklung<\/strong><\/li>\n<li><strong>Abrechnungsmanagement: zur<\/strong> Ausstellung von Rechnungen f\u00fcr den Erwerb von Waren und Dienstleistungen<\/li>\n<li><strong>Lieferungen nach Hause: Damit<\/strong> wir Ihre Eink\u00e4ufe zu Ihnen nach Hause liefern k\u00f6nnen<\/li>\n<li><strong>Kundendienst:<\/strong> Wir verwenden Ihre personenbezogenen Daten, um Kundensupport zu leisten<\/li>\n<li><strong>Kundenrezensionen:<\/strong> Wir k\u00f6nnen Ihre Kontaktdaten verwenden, um Sie per E-Mail einzuladen, nach Ihrer Bestellung einen Kommentar zu schreiben. Auf diese Weise k\u00f6nnen Sie anderen Kunden helfen, das am besten geeignete Produkt auszuw\u00e4hlen<\/li>\n<li><strong>Marketingaktivit\u00e4ten<\/strong>: Wir verwenden Ihre Daten auch f\u00fcr marketingbezogene Aktivit\u00e4ten, soweit dies gesetzlich zul\u00e4ssig ist. Wenn wir Ihre personenbezogenen Daten f\u00fcr Direktmarketingzwecke verwenden, wie z. B. Business-Newsletter und Marketingmitteilungen \u00fcber neue Produkte und Dienstleistungen oder andere Angebote, von denen wir glauben, dass sie Sie interessieren k\u00f6nnten, f\u00fcgen wir einen Link hinzu, den Sie verwenden k\u00f6nnen, wenn Sie nicht m\u00f6chten, dass wir in Zukunft Nachrichten senden<\/li>\n<li><strong>Sonstige Mitteilungen:<\/strong> Es kann andere Zeiten geben, in denen wir Sie per E-Mail, Post, Telefon oder SMS kontaktieren, abh\u00e4ngig von den Kontaktdaten, die Sie uns mitteilen<\/li>\n<li><strong>Rechtlicher Geltungsbereich:<\/strong>  In bestimmten F\u00e4llen m\u00fcssen wir die bereitgestellten Informationen, zu denen auch personenbezogene Daten geh\u00f6ren k\u00f6nnen, zur Bearbeitung und Beilegung von Rechtsstreitigkeiten oder Beschwerden, f\u00fcr rechtliche Untersuchungen oder zur Durchf\u00fchrung von Vertr\u00e4gen oder zur Erf\u00fcllung rechtlicher Anfragen zust\u00e4ndiger Beh\u00f6rden (z. B. Mitteilungen an die SEF) verwenden, soweit dies gesetzlich vorgeschrieben ist.<\/li>\n<\/ul>\n<p>Wenn wir automatisierte Mittel einsetzen, um personenbezogene Daten zu verarbeiten, die rechtliche Wirkungen entfalten oder Sie erheblich beeintr\u00e4chtigen, werden wir angemessene Ma\u00dfnahmen ergreifen, um Ihre Rechte und Freiheiten zu sch\u00fctzen, einschlie\u00dflich des Rechts auf menschliches Eingreifen.<\/p>\n<h3>3. Datenkommunikation<\/h3>\n<p>iDream wird die notwendigen und angemessenen Ma\u00dfnahmen im Lichte des anwendbaren Rechts ergreifen, um den Schutz der personenbezogenen Daten, die der Kommunikation unterliegen, zu gew\u00e4hrleisten, wobei die gesetzlichen Bestimmungen in Bezug auf die f\u00fcr diese Kommunikation geltenden Anforderungen strikt eingehalten werden, insbesondere die Kunden zu informieren.<\/p>\n<p>Wenn iDream personenbezogene Daten an Dritte weitergibt, legt es klare Regeln f\u00fcr die Vertraglichisierung der Verarbeitung personenbezogener Daten mit seinen Subunternehmern fest und fordert sie auf, geeignete technische und organisatorische Ma\u00dfnahmen zum Schutz Ihrer personenbezogenen Daten zu ergreifen.<\/p>\n<p>Die Daten k\u00f6nnen den Justiz- oder Verwaltungsbeh\u00f6rden zur Verf\u00fcgung gestellt werden, sofern dies in \u00dcbereinstimmung mit den gesetzlichen Verpflichtungen geschieht, sowie an \u00f6ffentliche und private Stellen im Zusammenhang mit der T\u00e4tigkeit von iDream \u00fcbermittelt werden. Die Daten k\u00f6nnen je nach dem Zweck, f\u00fcr den sie erhoben wurden, an folgende Kategorien von Empf\u00e4ngern weitergegeben werden:<\/p>\n<ul>\n<li>\u00d6ffentliche Einrichtungen;<\/li>\n<li>Unterauftragnehmer;<\/li>\n<li>Andere von iDream beauftragte Unternehmen, deren soziales Ziel f\u00fcr die Verfolgung des Zwecks, f\u00fcr den die Daten erhoben wurden, wesentlich ist.<\/li>\n<\/ul>\n<h3>4. \u00dcbermittlung von Daten in Drittl\u00e4nder<\/h3>\n<p>Die erhobenen Informationen werden grunds\u00e4tzlich nicht in Drittl\u00e4nder weitergegeben. Im Falle von Daten\u00fcbermittlungen in L\u00e4nder au\u00dferhalb der EU werden L\u00e4nder bevorzugt, die unter einem EU-Angemessenheitsbeschluss nach Artikel 45 der DSGVO stehen.<\/p>\n<p>iDream wird die notwendigen Schritte unternehmen, um die Vertraulichkeit und Sicherheit Ihrer personenbezogenen Daten gem\u00e4\u00df Artikel 46 der DSGVO zu gew\u00e4hrleisten und sie nur f\u00fcr die Zwecke zu verwenden, f\u00fcr die sie erhoben wurden.<\/p>\n<h3>5. Aufbewahrung personenbezogener Daten<\/h3>\n<p>Ihre personenbezogenen Daten werden von iDream so lange aufbewahrt, wie die bestehenden Beziehungen zwischen diesem Unternehmen und den jeweiligen Inhabern aufrechterhalten werden, oder f\u00fcr die gesetzliche Aufbewahrungsfrist oder f\u00fcr die Aufrechterhaltung des Zwecks, f\u00fcr den sie erhoben wurden, um die Identifizierung der Inhaber zu erm\u00f6glichen, bis sie diese Beziehungen oder Verpflichtungen endg\u00fcltig eingestellt haben.<\/p>\n<p>Die erhobenen Daten werden nach Ablauf ihrer gesetzlichen Aufbewahrungsfrist vernichtet. Die Dauer der Speicherung und Speicherung der Daten variiert je nach dem Zweck, f\u00fcr den die Informationen verwendet werden. Es gibt jedoch gesetzliche Vorgaben, die eine Aufbewahrung der Daten f\u00fcr einen bestimmten Zeitraum vorschreiben.<\/p>\n<h3>6. Sicherheitsma\u00dfnahmen<\/h3>\n<p>iDream verpflichtet sich, die Vertraulichkeit, den Schutz und die Sicherheit der personenbezogenen Daten seiner Kunden zu gew\u00e4hrleisten, indem geeignete technische und organisatorische Ma\u00dfnahmen ergriffen werden, um Ihre Daten vor jeder Form von unangemessener oder unrechtm\u00e4\u00dfiger Verarbeitung und vor versehentlichem Verlust oder Zerst\u00f6rung dieser Daten zu sch\u00fctzen.<\/p>\n<p>Zu diesem Zweck haben wir Verfahren geschaffen, die den unbefugten Zugriff, den versehentlichen Verlust und\/oder die Zerst\u00f6rung personenbezogener Daten verhindern und uns verpflichten, die Gesetze zum Schutz der personenbezogenen Daten der Kunden einzuhalten und diese Daten nur f\u00fcr die Zwecke zu verarbeiten, f\u00fcr die sie erhoben wurden, sowie sicherzustellen, dass diese Daten mit einem angemessenen Ma\u00df an Sicherheit und Vertraulichkeit behandelt werden.<\/p>\n<p>Ihre personenbezogenen Daten sind auf Personen beschr\u00e4nkt, die sie bei der Erf\u00fcllung ihrer Aufgaben kennen m\u00fcssen, soweit dies f\u00fcr die Verfolgung der Verarbeitungszwecke erforderlich ist.<\/p>\n<p>Zu den F\u00e4llen, in denen Verwaltungsmitarbeiter Zugriff auf Ihre Daten und andere besondere Datenkategorien haben, geh\u00f6rt die Verarbeitung von Daten zum Zwecke der Abrechnung und Ausf\u00fchrung der ihnen erbrachten Dienstleistungen oder zur Verwaltung Ihrer Informationsanfragen oder Beschwerden.<\/p>\n<p>iDream ist nicht verantwortlich f\u00fcr die Daten, die Sie in sozialen Netzwerken zur Verf\u00fcgung stellen. Die Nutzung der sozialen Netzwerke von iDream kann die \u00dcbermittlung von Daten an Social-Media-Dienstleister beinhalten, die ihren Sitz au\u00dferhalb der Europ\u00e4ischen Union oder des Europ\u00e4ischen Wirtschaftsraums haben k\u00f6nnen.<\/p>\n<h3>7. Speicherung von Informationen<\/h3>\n<p>Die Daten werden elektronisch auf einem Server gespeichert, der von iDream in Portugal und bei Cloud-Service-Providern mit Sitz in der Europ\u00e4ischen Union gewartet und kontrolliert wird.<\/p>\n<p>Die Sicherheit wird in Bezug auf Infrastruktur und Datenzugriff immer \u00fcberwacht. Der Zugriff wird durch verschiedene Zugriffsverwaltungs- und Verschl\u00fcsselungstools eingeschr\u00e4nkt und gesch\u00fctzt, mit dem Zweck, dass unbefugte Dritte keinen Zugriff auf sie haben. Das Risiko des Verlustes\/der Zerst\u00f6rung wird somit minimiert, aber nicht erloschen und es besteht immer die M\u00f6glichkeit eines illegalen Zugriffs auf die Daten. In diesem Fall werden Escape-Retention-Ma\u00dfnahmen umgesetzt.<\/p>\n<h3>8. Rechte der betroffenen Person<\/h3>\n<p><strong>Auskunftsrecht<\/strong>  \u2013 zum Zeitpunkt ihrer Erhebung oder Verarbeitung hat der Inhaber der personenbezogenen Daten das Recht, \u00fcber den Zweck der Verarbeitung, den f\u00fcr die Verarbeitung Verantwortlichen, die Stellen, an die seine Daten \u00fcbermittelt werden k\u00f6nnen, die Bedingungen f\u00fcr den Zugang und die Berichtigung sowie \u00fcber die erhobenen obligatorischen und optionalen Daten informiert zu werden.<\/p>\n<p><strong>Auskunftsrecht<\/strong> \u2013 der Inhaber der personenbezogenen Daten hat das Recht, ohne Einschr\u00e4nkungen oder Verz\u00f6gerungen auf sie zuzugreifen und zu erfahren, welche Informationen \u00fcber die Herkunft der Daten, die Zwecke der Verarbeitung und deren \u00dcbermittlung an Dritte verf\u00fcgbar sind.<\/p>\n<p><strong>Recht auf Berichtigung<\/strong> \u2013 der Inhaber hat das Recht zu verlangen, dass die Daten \u00fcber ihn korrekt und aktuell sind, und kann jederzeit deren Berichtigung vom Datenverantwortlichen verlangen.<\/p>\n<p><strong>Recht auf L\u00f6schung<\/strong> \u2013 die betroffene Person hat das Recht, dass ihre Daten nicht mehr verarbeitet, gel\u00f6scht und gel\u00f6scht werden, unter bestimmten Voraussetzungen, wenn:<\/p>\n<ul>\n<li>f\u00fcr den Zweck, zu dem sie erhoben wurden, nicht mehr erforderlich sind;<\/li>\n<li>Inhaber widerrufen ihre Einwilligung oder widersetzen sich ihrer Verarbeitung;<\/li>\n<li>Wenn die Verarbeitung der Daten nicht den gesetzlichen Bestimmungen entspricht.<\/li>\n<\/ul>\n<p><strong>Recht auf Einschr\u00e4nkung der Verarbeitung<\/strong> \u2013 der Inhaber personenbezogener Daten hat das Recht, seine Daten nur auf das f\u00fcr den Zweck der Verarbeitung Wesentliche zu beschr\u00e4nken.<\/p>\n<p><strong>Recht auf Daten\u00fcbertragbarkeit (Daten\u00fcbertragbarkeit)<\/strong> \u2013 die betroffene Person hat das Recht, Ihre Daten zu erhalten oder die \u00dcbermittlung der Daten an eine andere Stelle zu verlangen, die die neue Person ist, die f\u00fcr Ihre personenbezogenen Daten verantwortlich ist (nur wenn dies technisch m\u00f6glich ist).<\/p>\n<p><strong>Widerspruchsrecht<\/strong>  \u2013 die betroffene Person hat das Recht, auf ihren Antrag und kostenlos der Verarbeitung ihrer personenbezogenen Daten zum Zwecke des Direktmarketings oder einer anderen Form der Prospektion zu widersprechen und dass ihre personenbezogenen Daten an Dritte weitergegeben werden, sofern gesetzlich nichts anderes bestimmt ist.<\/p>\n<p><strong>Recht, nicht automatisierten Entscheidungen oder Profiling unterworfen zu werden<\/strong> &#8211; Als Inhaber personenbezogener Daten haben Sie das Recht, keiner Entscheidung unterworfen zu werden, die ausschlie\u00dflich auf der Grundlage einer automatisierten Verarbeitung, einschlie\u00dflich Profiling, getroffen wurde.<\/p>\n<p><strong>Recht auf Kenntnis des Vorliegens einer Datenschutzverletzung<\/strong> \u2013 der Inhaber der personenbezogenen Daten hat das Recht, informiert zu werden, wenn eine Sicherheitsverletzung vorliegt, die Ihre Daten gef\u00e4hrdet.<\/p>\n<p><strong>Beschwerderecht bei der Aufsichtsbeh\u00f6rde <\/strong>\u2013 der Inhaber der personenbezogenen Daten hat das Recht, sich nicht nur bei der f\u00fcr die Verarbeitung personenbezogener Daten des Unternehmens Verantwortlichen, sondern auch bei der Aufsichtsbeh\u00f6rde, der Nationalen Datenschutzkommission (CNPD), zu beschweren.<\/p>\n<p>Sie haben auch das Recht, die Einwilligung, die Sie uns zur Verwendung Ihrer personenbezogenen Daten erteilt haben, jederzeit zu widerrufen oder zu \u00e4ndern, wenn dies die Verwendung legitimiert hat.<\/p>\n<h3>9. Pflichten der an der Datenverarbeitung beteiligten Stellen<\/h3>\n<p>Jede an der Verarbeitung Ihrer Daten beteiligte Stelle ist verpflichtet, die geltenden Datenschutzgesetze einzuhalten, insbesondere in Bezug auf die Sicherheit und Vertraulichkeit ihrer Verarbeitung.<\/p>\n<p>Diejenigen, die f\u00fcr die Verarbeitung personenbezogener Daten verantwortlich sind, sowie Personen, die bei der Erf\u00fcllung ihrer Aufgaben davon Kenntnis haben, sind gem\u00e4\u00df dem Gesetz zum Berufsgeheimnis verpflichtet.<\/p>\n<h3>10. Ansprechpartner datenschutzrechtlich<\/h3>\n<p><strong>iDream Unipersonal Lda.<\/strong><\/p>\n<p><strong>Telefon<\/strong>: +351 289 401 030<br \/>\n<strong>E-Mail-Adresse<\/strong>: geral@idream.pt<br \/>\n<strong>Wohnung:<\/strong> Rua Assis Esperan\u00e7a N\u00ba5, 8100-543 Loul\u00e9<br \/>\n<strong>NIPC:<\/strong> 510 232 493<br \/>\n<strong>Webseite: <\/strong>https:\/\/www.idream.pt\/<\/p>\n<h3>11. \u00c4nderung und Aktualisierung der Datenschutzerkl\u00e4rung<\/h3>\n<p>iDream beh\u00e4lt sich das Recht vor, jederzeit \u00c4nderungen oder Aktualisierungen an dieser Datenschutzrichtlinie vorzunehmen, und diese \u00c4nderungen werden ordnungsgem\u00e4\u00df auf unserer Website ver\u00f6ffentlicht. Wenn Sie Fragen haben oder zu irgendeinem Zeitpunkt nicht mehr Teil der iDream-Datenbank sein m\u00f6chten, k\u00f6nnen Sie dieses Recht aus\u00fcben, indem Sie uns auf folgende Weise kontaktieren.<\/p>\n<p><strong>iDream Unipersonal Lda.<\/strong><\/p>\n<p><strong>Telefon<\/strong>: +351 289 401 030<br \/>\n<strong>E-Mail-Adresse<\/strong>: geral@idream.pt<br \/>\n<strong>Wohnung:<\/strong> Rua Assis Esperan\u00e7a N\u00ba5, 8100-543 Loul\u00e9<br \/>\n<strong>NIPC:<\/strong> 510 232 493<br \/>\n<strong>Webseite: <\/strong>https:\/\/www.idream.pt\/[\/vc_column_text][\/vc_column][\/vc_row]<\/p>\n<\/div>","protected":false},"excerpt":{"rendered":"<p>[vc_row][vc_column][vc_column_text woodmart_inline=&#8220;no&#8220; text_larger=&#8220;no&#8220;] Allgemeiner Anwendungsbereich iDream verpflichtet sich, die Informationen und die Privatsph\u00e4re seiner Kunden zu sch\u00fctzen und zu gew\u00e4hrleisten.<\/p>\n","protected":false},"author":2,"featured_media":0,"parent":0,"menu_order":0,"comment_status":"closed","ping_status":"closed","template":"","meta":{"footnotes":""},"class_list":["post-10479","page","type-page","status-publish","hentry"],"_links":{"self":[{"href":"https:\/\/idream.pt\/de\/wp-json\/wp\/v2\/pages\/10479","targetHints":{"allow":["GET"]}}],"collection":[{"href":"https:\/\/idream.pt\/de\/wp-json\/wp\/v2\/pages"}],"about":[{"href":"https:\/\/idream.pt\/de\/wp-json\/wp\/v2\/types\/page"}],"author":[{"embeddable":true,"href":"https:\/\/idream.pt\/de\/wp-json\/wp\/v2\/users\/2"}],"replies":[{"embeddable":true,"href":"https:\/\/idream.pt\/de\/wp-json\/wp\/v2\/comments?post=10479"}],"version-history":[{"count":2,"href":"https:\/\/idream.pt\/de\/wp-json\/wp\/v2\/pages\/10479\/revisions"}],"predecessor-version":[{"id":10481,"href":"https:\/\/idream.pt\/de\/wp-json\/wp\/v2\/pages\/10479\/revisions\/10481"}],"wp:attachment":[{"href":"https:\/\/idream.pt\/de\/wp-json\/wp\/v2\/media?parent=10479"}],"curies":[{"name":"wp","href":"https:\/\/api.w.org\/{rel}","templated":true}]}}