{"id":10452,"date":"2021-11-17T17:09:12","date_gmt":"2021-11-17T17:09:12","guid":{"rendered":"https:\/\/idream.pt\/rekrutierung\/"},"modified":"2022-02-28T15:05:45","modified_gmt":"2022-02-28T15:05:45","slug":"rekrutierung","status":"publish","type":"page","link":"https:\/\/idream.pt\/de\/rekrutierung\/","title":{"rendered":"Rekrutierung"},"content":{"rendered":"<div class=\"wpb-content-wrapper\"><p>[vc_row][vc_column]\n\t\t<div id=\"wd-61b7109d4dcb7\" class=\"title-wrapper wd-wpb wd-set-mb reset-last-child  wd-rs-61b7109d4dcb7 wd-title-color-default wd-title-style-default text-left  wd-underline-colored\">\n\t\t\t\n\t\t\t<div class=\"liner-continer\">\n\t\t\t\t<h1 class=\"woodmart-title-container title  wd-font-weight- wd-fontsize-xxl\" >Kommen Sie und arbeiten Sie mit uns<\/h1>\n\t\t\t\t\t\t\t<\/div>\n\t\t\t\n\t\t\t\n\t\t\t\n\t\t<\/div>\n\t\t\n\t\t[vc_column_text woodmart_inline=&#8220;no&#8220; text_larger=&#8220;no&#8220;]Kommen Sie zu unserem Team, damit wir gemeinsam alle unsere Ziele erreichen. Wir f\u00f6rdern ein Umfeld, das dem Lernen und der Entwicklung fairer und qualitativ hochwertiger Arbeit f\u00f6rderlich ist. Senden Sie uns Ihren Lebenslauf. Wir sind immer empf\u00e4nglich, um Kontakt von g\u00fcltigen und verantwortungsbewussten Personen zu erhalten.[\/vc_column_text][\/vc_column][\/vc_row][vc_row][vc_column width=&#8220;5\/6&#8243;]\n<div class=\"wpcf7 no-js\" id=\"wpcf7-f11606-o1\" lang=\"de-DE\" dir=\"ltr\" data-wpcf7-id=\"11606\">\n<div class=\"screen-reader-response\"><p role=\"status\" aria-live=\"polite\" aria-atomic=\"true\"><\/p> <ul><\/ul><\/div>\n<form action=\"\/de\/wp-json\/wp\/v2\/pages\/10452#wpcf7-f11606-o1\" method=\"post\" class=\"wpcf7-form init\" aria-label=\"Kontaktformular\" enctype=\"multipart\/form-data\" novalidate=\"novalidate\" data-status=\"init\">\n<fieldset class=\"hidden-fields-container\"><input type=\"hidden\" name=\"_wpcf7\" value=\"11606\" \/><input type=\"hidden\" name=\"_wpcf7_version\" value=\"6.1.5\" \/><input type=\"hidden\" name=\"_wpcf7_locale\" value=\"de_DE\" \/><input type=\"hidden\" name=\"_wpcf7_unit_tag\" value=\"wpcf7-f11606-o1\" \/><input type=\"hidden\" name=\"_wpcf7_container_post\" value=\"0\" \/><input type=\"hidden\" name=\"_wpcf7_posted_data_hash\" value=\"\" \/><input type=\"hidden\" name=\"_wpcf7_recaptcha_response\" value=\"\" \/>\n<\/fieldset>\n<div class=\"row\">\n\t<p class=\"col-md-6\"><label>Vollst\u00e4ndiger Name <sup class=\"cf-mandatory-field\">*<\/sup><\/label><span class=\"wpcf7-form-control-wrap\" data-name=\"mc4wp-NAME\"><input size=\"40\" maxlength=\"400\" class=\"wpcf7-form-control wpcf7-text wpcf7-validates-as-required\" aria-required=\"true\" aria-invalid=\"false\" value=\"\" type=\"text\" name=\"mc4wp-NAME\" \/><\/span>\n\t<\/p>\n\t<p class=\"col-md-6\"><label>E-Mail-Adresse <sup class=\"cf-mandatory-field\">*<\/sup><\/label><span class=\"wpcf7-form-control-wrap\" data-name=\"mc4wp-EMAIL\"><input size=\"40\" maxlength=\"400\" class=\"wpcf7-form-control wpcf7-email wpcf7-validates-as-required wpcf7-text wpcf7-validates-as-email\" aria-required=\"true\" aria-invalid=\"false\" value=\"\" type=\"email\" name=\"mc4wp-EMAIL\" \/><\/span>\n\t<\/p>\n<\/div>\n<div class=\"row\">\n\t<p class=\"col-md-6\"><label>Telefonnummer <sup class=\"cf-mandatory-field\">*<\/sup><\/label><span class=\"wpcf7-form-control-wrap\" data-name=\"mc4wp-PHONE\"><input size=\"40\" maxlength=\"400\" class=\"wpcf7-form-control wpcf7-tel wpcf7-validates-as-required wpcf7-text wpcf7-validates-as-tel\" aria-required=\"true\" aria-invalid=\"false\" value=\"\" type=\"tel\" name=\"mc4wp-PHONE\" \/><\/span>\n\t<\/p>\n\t<p class=\"col-md-6\"><label>Wohnung<\/label><span class=\"wpcf7-form-control-wrap\" data-name=\"your-address\"><input size=\"40\" maxlength=\"400\" class=\"wpcf7-form-control wpcf7-text\" aria-invalid=\"false\" value=\"\" type=\"text\" name=\"your-address\" \/><\/span>\n\t<\/p>\n<\/div>\n<div class=\"row\">\n\t<p class=\"col-md-12\"><label>Lebenslauf<\/label><span class=\"wpcf7-form-control-wrap\" data-name=\"cv\"><input size=\"40\" class=\"wpcf7-form-control wpcf7-file wpcf7-validates-as-required\" accept=\".doc,.docx,.pdf\" aria-required=\"true\" aria-invalid=\"false\" type=\"file\" name=\"cv\" \/><\/span><br \/>\n<small> Maximale Dateigr\u00f6\u00dfe: 5MB. Unterst\u00fctzte Formate: doc, docx und pdf.<\/small>\n\t<\/p>\n<\/div>\n<p><label>Zusatzinformation<\/label><span class=\"wpcf7-form-control-wrap\" data-name=\"your-message\"><textarea cols=\"40\" rows=\"4\" maxlength=\"2000\" class=\"wpcf7-form-control wpcf7-textarea\" aria-invalid=\"false\" name=\"your-message\"><\/textarea><\/span>\n<\/p>\n<p class=\"cf-note nomargin\"><small><span class=\"wpcf7-form-control-wrap\" data-name=\"rgpd-acceptance\"><span class=\"wpcf7-form-control wpcf7-acceptance\"><span class=\"wpcf7-list-item\"><label><input type=\"checkbox\" name=\"rgpd-acceptance\" value=\"1\" aria-invalid=\"false\" \/><span class=\"wpcf7-list-item-label\">Ich habe <a href=\"https:\/\/idream.pt\/politica-privacidade\/\" target=\"_blank\">die Datenschutzerkl\u00e4rung<\/a> gelesen und stimme ihr zu.<\/span><\/label><\/span><\/span><\/span><\/small>\n<\/p>\n<p class=\"cf-note\"><small><!-- Mailchimp for WordPress v4.12.2 - https:\/\/www.mc4wp.com\/ --><input type=\"hidden\" name=\"_mc4wp_subscribe_contact-form-7\" value=\"0\" \/><span class=\"mc4wp-checkbox mc4wp-checkbox-contact-form-7 \"><label><input type=\"checkbox\" name=\"_mc4wp_subscribe_contact-form-7\" value=\"1\" ><span>Subscrever a newsletter para receber as novidades e promo\u00e7\u00f5es no seu e-mail<\/span><\/label><\/span><!-- \/ Mailchimp for WordPress --><\/small>\n<\/p>\n<p><input class=\"wpcf7-form-control wpcf7-submit has-spinner\" type=\"submit\" value=\"Enviar\" \/>\n<\/p>\n<p class=\"cf-note\"><small>Diese Website ist durch reCAPTCHA gesch\u00fctzt und es gelten die <a href=\"https:\/\/policies.google.com\/privacy\" target=\"_blank\" rel=\"noopener noreferrer\">Datenschutzerkl\u00e4rung<\/a> und <a href=\"https:\/\/policies.google.com\/terms\" target=\"_blank\" rel=\"noopener noreferrer\">nutzungsbedingungen von<\/a> Google.<\/small>\n<\/p><div class=\"wpcf7-response-output\" aria-hidden=\"true\"><\/div>\n<\/form>\n<\/div>\n[\/vc_column][vc_column width=&#8220;1\/6&#8243;][\/vc_column][\/vc_row]<\/p>\n<\/div>","protected":false},"excerpt":{"rendered":"<p>[vc_row][vc_column][vc_column_text woodmart_inline=&#8220;no&#8220; text_larger=&#8220;no&#8220;]Kommen Sie zu unserem Team, damit wir gemeinsam alle unsere Ziele erreichen. Wir f\u00f6rdern ein Umfeld, das dem<\/p>\n","protected":false},"author":2,"featured_media":0,"parent":0,"menu_order":0,"comment_status":"closed","ping_status":"closed","template":"","meta":{"footnotes":""},"class_list":["post-10452","page","type-page","status-publish","hentry"],"_links":{"self":[{"href":"https:\/\/idream.pt\/de\/wp-json\/wp\/v2\/pages\/10452","targetHints":{"allow":["GET"]}}],"collection":[{"href":"https:\/\/idream.pt\/de\/wp-json\/wp\/v2\/pages"}],"about":[{"href":"https:\/\/idream.pt\/de\/wp-json\/wp\/v2\/types\/page"}],"author":[{"embeddable":true,"href":"https:\/\/idream.pt\/de\/wp-json\/wp\/v2\/users\/2"}],"replies":[{"embeddable":true,"href":"https:\/\/idream.pt\/de\/wp-json\/wp\/v2\/comments?post=10452"}],"version-history":[{"count":2,"href":"https:\/\/idream.pt\/de\/wp-json\/wp\/v2\/pages\/10452\/revisions"}],"predecessor-version":[{"id":10454,"href":"https:\/\/idream.pt\/de\/wp-json\/wp\/v2\/pages\/10452\/revisions\/10454"}],"wp:attachment":[{"href":"https:\/\/idream.pt\/de\/wp-json\/wp\/v2\/media?parent=10452"}],"curies":[{"name":"wp","href":"https:\/\/api.w.org\/{rel}","templated":true}]}}