{"id":10240,"date":"2021-08-25T07:26:28","date_gmt":"2021-08-25T06:26:28","guid":{"rendered":"https:\/\/idream.pt\/auf\/"},"modified":"2022-02-28T15:01:12","modified_gmt":"2022-02-28T15:01:12","slug":"auf","status":"publish","type":"page","link":"https:\/\/idream.pt\/de\/auf\/","title":{"rendered":"\u00dcber uns"},"content":{"rendered":"<div class=\"wpb-content-wrapper\"><p>[vc_row][vc_column]\n\t\t<div id=\"wd-61b1f412cf000\" class=\"title-wrapper wd-wpb wd-set-mb reset-last-child  wd-rs-61b1f412cf000 wd-title-color-default wd-title-style-default text-left  wd-underline-colored\">\n\t\t\t\n\t\t\t<div class=\"liner-continer\">\n\t\t\t\t<h1 class=\"woodmart-title-container title  wd-font-weight- wd-fontsize-xxl\" >Geschichte von iDream<\/h1>\n\t\t\t\t\t\t\t<\/div>\n\t\t\t\n\t\t\t\n\t\t\t\n\t\t<\/div>\n\t\t\n\t\t[vc_column_text woodmart_inline=&#8220;no&#8220; text_larger=&#8220;no&#8220;]Die Firma iDream, Lda, wurde am 16. Juli 2012 gegr\u00fcndet, um den Service fortzusetzen, den die S\u00fcddelegation (Algarve) der Firma Kalise Menorquina Group, SA auf dem Algarve-Markt durch das Angebot von Eiscreme im Horeca-Kanal angeboten hat.<\/p>\n<p>Der Eigent\u00fcmer der Firma Idream, Lda, war achtundzwanzig Jahre lang ein Mitarbeiter der Kalise Menorquina Group, SA, dessen Arbeit f\u00fcr die Marke Menorquina entscheidend war, um die Position einzunehmen, die sie derzeit auf dem Algarve-Markt einnimmt, sowohl in der Impulso-Produktlinie als auch in der Dessert-Produktlinie.<\/p>\n<p>Mit dem gleichen Sinn f\u00fcr F\u00fchrung, Vertrauen, Respekt, Integrit\u00e4t und Engagement gegen\u00fcber seinen internen und externen Kunden beabsichtigt das derzeitige Management, das Angebot an Lebensmitteln im Vertriebssektor in Portugal weiter auszubauen.[\/vc_column_text][vc_column_text woodmart_inline=&#8220;no&#8220; text_larger=&#8220;no&#8220;]<\/p>\n<h3>Unsere Vision<\/h3>\n<p>Die Vision von Idream ist es, ein Referenzunternehmen im Lebensmittelvertrieb in Portugal zu werden.[\/vc_column_text][vc_column_text woodmart_inline=&#8220;no&#8220; text_larger=&#8220;no&#8220;]<\/p>\n<h3>Unsere Mission<\/h3>\n<p>iDream, Lda, hat es sich zur Aufgabe gemacht, im Vertriebssektor mit der Verpflichtung zu handeln, dem Markt, auf dem es t\u00e4tig ist, qualitativ hochwertige Produkte und Dienstleistungen zu fairen Preisen anzubieten und so eine hervorragende Zufriedenheit und Wertsch\u00f6pfung f\u00fcr unsere Kunden, Mitarbeiter und Lieferanten zu gew\u00e4hrleisten.[\/vc_column_text][vc_column_text woodmart_inline=&#8220;no&#8220; text_larger=&#8220;no&#8220;]<\/p>\n<h3>Unsere Werte<\/h3>\n<p>Einhaltung und Einhaltung aller Qualit\u00e4ts-, Sicherheits- und Nachhaltigkeitsstandards, die f\u00fcr das Wohlbefinden und die Zufriedenheit unserer Kunden relevant sind.<\/p>\n<p>Gew\u00e4hrleistung einer dauerhaften und nachhaltigen Beziehung zu unseren Partnern, die auf Respekt, Vertrauen, Engagement und Integrit\u00e4t basiert.<\/p>\n<p>Bauen Sie Beziehungen auf, die auf pers\u00f6nlichen und beruflichen Beziehungen basieren und allen, mit denen wir verbunden sind, Garantie und Sicherheit unserer Produkte bieten.<\/p>\n<p>Pflegen Sie eine langfristige Vision, die es uns erm\u00f6glicht, innovative Formen der Wettbewerbsf\u00e4higkeit zu erreichen und die Ressourcen, die wir haben, mit Kreativit\u00e4t und Rationalit\u00e4t zu optimieren.<\/p>\n<p>Aufbau eines Managementprozesses, der auf dem kontinuierlichen Fortschritt unserer Mitarbeiter basiert und die Interaktion, den Aufwand und den Beitrag aller anregt, damit die Ergebnisse erzielt werden.<\/p>\n<p>Bewahren Sie eine umsichtige und selbstkritische Haltung, die uns in Richtung Wachstum f\u00fchrt, im Bewusstsein unserer Tugenden und Schw\u00e4chen.[\/vc_column_text][\/vc_column][\/vc_row]<\/p>\n<\/div>","protected":false},"excerpt":{"rendered":"<p>[vc_row][vc_column][vc_column_text woodmart_inline=&#8220;no&#8220; text_larger=&#8220;no&#8220;]Die Firma iDream, Lda, wurde am 16. Juli 2012 gegr\u00fcndet, um den Service fortzusetzen, den die S\u00fcddelegation (Algarve)<\/p>\n","protected":false},"author":2,"featured_media":0,"parent":0,"menu_order":0,"comment_status":"closed","ping_status":"closed","template":"","meta":{"footnotes":""},"class_list":["post-10240","page","type-page","status-publish","hentry"],"_links":{"self":[{"href":"https:\/\/idream.pt\/de\/wp-json\/wp\/v2\/pages\/10240","targetHints":{"allow":["GET"]}}],"collection":[{"href":"https:\/\/idream.pt\/de\/wp-json\/wp\/v2\/pages"}],"about":[{"href":"https:\/\/idream.pt\/de\/wp-json\/wp\/v2\/types\/page"}],"author":[{"embeddable":true,"href":"https:\/\/idream.pt\/de\/wp-json\/wp\/v2\/users\/2"}],"replies":[{"embeddable":true,"href":"https:\/\/idream.pt\/de\/wp-json\/wp\/v2\/comments?post=10240"}],"version-history":[{"count":8,"href":"https:\/\/idream.pt\/de\/wp-json\/wp\/v2\/pages\/10240\/revisions"}],"predecessor-version":[{"id":10430,"href":"https:\/\/idream.pt\/de\/wp-json\/wp\/v2\/pages\/10240\/revisions\/10430"}],"wp:attachment":[{"href":"https:\/\/idream.pt\/de\/wp-json\/wp\/v2\/media?parent=10240"}],"curies":[{"name":"wp","href":"https:\/\/api.w.org\/{rel}","templated":true}]}}